{"id":1588,"date":"2024-01-15T08:22:39","date_gmt":"2024-01-15T08:22:39","guid":{"rendered":"https:\/\/ellinge.se\/wedding\/brollop-brollopspaket\/"},"modified":"2025-12-10T17:06:35","modified_gmt":"2025-12-10T17:06:35","slug":"brollop-brollopspaket","status":"publish","type":"page","link":"https:\/\/ellinge.se\/en\/wedding\/brollop-brollopspaket\/","title":{"rendered":"Wedding 2026"},"content":{"rendered":"<p>[vc_row][vc_column][vc_single_image image=&#8221;75&#8243; img_size=&#8221;200*50&#8243; alignment=&#8221;center&#8221;][\/vc_column][\/vc_row][vc_row][vc_column][vc_empty_space height=&#8221;80px&#8221;][\/vc_column][\/vc_row][vc_row][vc_column width=&#8221;1\/2&#8243;][vc_single_image image=&#8221;1495&#8243; img_size=&#8221;full&#8221;][\/vc_column][vc_column width=&#8221;1\/2&#8243;][vc_column_text]<\/p>\n<h2>Always included at Ellinge Castle<\/h2>\n<div class=\"page\" title=\"Page 2\">\n<div class=\"layoutArea\">\n<div class=\"column\">\n<p>At Ellinge Castle, we want our couples to be able to lean back and fully experience their wedding day. You shouldn&#8217;t have to worry about schedules, whether things are in place, or other details, but instead enjoy, embrace, and cherish your life&#8217;s biggest celebration. That&#8217;s why we have chosen to include as much as possible in our wedding concept.<\/p>\n<p>Included in the package price:<\/p>\n<ul>\n<li>A glass of sparkling wine with refills during the mingle<\/li>\n<li>A selection of canap\u00e9s &amp; savory snacks<\/li>\n<li>Three-course dinner<\/li>\n<li>Wine package with a glass of wine for each course and refills of the main course wine<\/li>\n<li>Rental of the castle &amp; banquet hall<\/li>\n<li>Service staff<\/li>\n<li>Rental of tables &amp; chairs<\/li>\n<li>Porcelain, glassware &amp; cutlery<\/li>\n<li>Linen tablecloths &amp; linen napkins<\/li>\n<li>Candles &amp; candle holders<\/li>\n<li>Projector &amp; microphone for presentation music<\/li>\n<li>Cleaning<\/li>\n<\/ul>\n<p>We set the tables and prepare everything for the party. The day before the party, you have access to the banquet hall to deliver flowers. You also have the opportunity to put your personal touch on the venue with any decorations.<\/p>\n<\/div>\n<\/div>\n<\/div>\n<p>[\/vc_column_text][\/vc_column][\/vc_row][vc_row][vc_column][vc_empty_space height=&#8221;50px&#8221;][\/vc_column][\/vc_row][vc_row][vc_column width=&#8221;1\/2&#8243;][vc_column_text]<\/p>\n<h2>Prices wedding 2026<\/h2>\n<p>The prices below include rent of the Castle, the Party venue and all our 12 overnight rooms.<\/p>\n<p>&nbsp;<\/p>\n<h3>Peak season<\/h3>\n<p>Saturdays May-September<\/p>\n<p>SEK 69,000 + SEK 160 \/ guest in table setting fee<\/p>\n<p>&nbsp;<\/p>\n<h3>Low season<\/h3>\n<p>Saturdays October-April<\/p>\n<p>SEK 59,000 incl. VAT + SEK 160 \/ guest in table setting fee<\/p>\n<p>&nbsp;<\/p>\n<h3>Wednesdays<\/h3>\n<p>Wednesdays 16 June-18 August<\/p>\n<p>SEK 59,000 incl. VAT + SEK 160 \/ guest in table setting fee[\/vc_column_text][\/vc_column][vc_column width=&#8221;1\/2&#8243;][vc_single_image image=&#8221;335&#8243; img_size=&#8221;full&#8221;][\/vc_column][\/vc_row][vc_row][vc_column][vc_empty_space height=&#8221;50px&#8221;][\/vc_column][\/vc_row][vc_row][vc_column width=&#8221;1\/2&#8243;][vc_single_image image=&#8221;554&#8243; img_size=&#8221;full&#8221;][\/vc_column][vc_column width=&#8221;1\/2&#8243;][vc_column_text]<\/p>\n<h2>Catering<\/h2>\n<p>At Ellinge Castle, we do not have an in-house chef. Instead, we have a very close partnership with the catering company <a href=\"http:\/\/www.gastrodining.se\">Gastrodining<\/a>. Our collaboration began many years ago when one of our most important conference clients from Lund highly recommended Gastrodining. It turned out to be a fantastic dinner for all guests, and thus began our close partnership.<\/p>\n<p>Today, Gastrodining delivers all our conference and wedding dinners. It feels incredibly reassuring for us that you, as the bridal couple, are in good hands and will have a superb dinner along with the best service on your big day. Gastrodining does not have set menus but tailors your wedding menu entirely based on your preferences.<\/p>\n<p>Their service staff are familiar with Ellinge Castle and will assist you with everything from serving welcome drinks to running the bar.<\/p>\n<p>You can read more about Gastrodining <a href=\"http:\/\/www.gastrodining.se\/\">here.<\/a>[\/vc_column_text][\/vc_column][\/vc_row][vc_row][vc_column][vc_empty_space height=&#8221;50px&#8221;][\/vc_column][\/vc_row][vc_row][vc_column width=&#8221;1\/2&#8243;][vc_column_text]<\/p>\n<h2>Drinks<\/h2>\n<p>Our wedding package includes a beverage package tailored to your chosen menu. The package includes 1 glass of sparkling wine with refills during the mingle, 1 glass of wine per course for dinner, and a refill of the main course wine. There are different wines to choose from for each course, and we are happy to provide suggestions on which ones best complement your menu. If you prefer other wines than those available in the beverage package, it&#8217;s possible to upgrade the package for an additional cost.<\/p>\n<p><strong>We would like to inform our guests that all beverages, including alcohol, are exclusively provided by Ellinge Castle starting from January 1, 2025. It is not permitted to bring your own drinks to any of our events.<\/strong><\/p>\n<p>[\/vc_column_text][\/vc_column][vc_column width=&#8221;1\/2&#8243;][vc_single_image image=&#8221;1507&#8243; img_size=&#8221;full&#8221;][\/vc_column][\/vc_row][vc_row][vc_column][vc_empty_space height=&#8221;50px&#8221;][\/vc_column][\/vc_row][vc_row][vc_column width=&#8221;1\/2&#8243;][vc_column_text]<\/p>\n<h2>Inspiration<\/h2>\n<p>Many couples and wedding photographers share their wedding photos via blog posts and on the photographers&#8217; websites.\u00a0Feel free to check out some of our previous wedding links below!<\/p>\n<p><a href=\"http:\/\/amliljestrand.se\/2016\/11\/07\/anna_marcus_ellinge\/\">Anna &amp; Marcus<\/a><\/p>\n<p><a href=\"https:\/\/www.turturduva.se\/work\/#\/maria-aleksander-ellinge-slott\/\">Maria &amp; Aleksander<\/a><\/p>\n<p><a href=\"https:\/\/sannadolckwall.se\/brollopsfotograf-ellinge-slott\/\">Christina &amp; Jakob<\/a>[\/vc_column_text][\/vc_column][vc_column width=&#8221;1\/2&#8243;][vc_single_image image=&#8221;324&#8243; img_size=&#8221;full&#8221;][\/vc_column][\/vc_row][vc_row][vc_column][vc_empty_space height=&#8221;50px&#8221;][\/vc_column][\/vc_row][vc_row][vc_column width=&#8221;1\/6&#8243;][\/vc_column][vc_column width=&#8221;2\/3&#8243;][vc_column_text]<\/p>\n<h2 style=\"text-align: center;\">Wedding Inquiry<\/h2>\n<p style=\"text-align: center;\">Don&#8217;t hesitate to contact us through a wedding inquiry to receive more detailed information about our unique wedding concepts!<\/p>\n<p>[\/vc_column_text]\n<div class=\"wpcf7 no-js\" id=\"wpcf7-f655-o1\" lang=\"sv-SE\" dir=\"ltr\" data-wpcf7-id=\"655\">\n<div class=\"screen-reader-response\"><p role=\"status\" aria-live=\"polite\" aria-atomic=\"true\"><\/p> <ul><\/ul><\/div>\n<form action=\"\/en\/wp-json\/wp\/v2\/pages\/1588#wpcf7-f655-o1\" method=\"post\" class=\"wpcf7-form init\" aria-label=\"Kontaktformul\u00e4r\" novalidate=\"novalidate\" data-status=\"init\">\n<fieldset class=\"hidden-fields-container\"><input type=\"hidden\" name=\"_wpcf7\" value=\"655\" \/><input type=\"hidden\" name=\"_wpcf7_version\" value=\"6.1.5\" \/><input type=\"hidden\" name=\"_wpcf7_locale\" value=\"sv_SE\" \/><input type=\"hidden\" name=\"_wpcf7_unit_tag\" value=\"wpcf7-f655-o1\" \/><input type=\"hidden\" name=\"_wpcf7_container_post\" value=\"0\" \/><input type=\"hidden\" name=\"_wpcf7_posted_data_hash\" value=\"\" \/><input type=\"hidden\" name=\"_wpcf7_recaptcha_response\" value=\"\" \/>\n<\/fieldset>\n<div class=\"ellinge_contact_left\">\n\t<p><label> Name<br \/>\n<span class=\"wpcf7-form-control-wrap\" data-name=\"namn\"><input size=\"40\" maxlength=\"400\" class=\"wpcf7-form-control wpcf7-text wpcf7-validates-as-required\" aria-required=\"true\" aria-invalid=\"false\" value=\"\" type=\"text\" name=\"namn\" \/><\/span> <\/label>\n\t<\/p>\n\t<p><label> E-mail<br \/>\n<span class=\"wpcf7-form-control-wrap\" data-name=\"epost\"><input size=\"40\" maxlength=\"400\" class=\"wpcf7-form-control wpcf7-email wpcf7-validates-as-required wpcf7-text wpcf7-validates-as-email\" aria-required=\"true\" aria-invalid=\"false\" value=\"\" type=\"email\" name=\"epost\" \/><\/span> <\/label>\n\t<\/p>\n\t<p><label> Phone<br \/>\n<span class=\"wpcf7-form-control-wrap\" data-name=\"telefon\"><input size=\"40\" maxlength=\"400\" class=\"wpcf7-form-control wpcf7-text\" aria-invalid=\"false\" value=\"\" type=\"text\" name=\"telefon\" \/><\/span> <\/label>\n\t<\/p>\n\t<p><label> Desired wedding date<br \/>\n<span class=\"wpcf7-form-control-wrap\" data-name=\"datum\"><input class=\"wpcf7-form-control wpcf7-date wpcf7-validates-as-date\" aria-invalid=\"false\" value=\"\" type=\"date\" name=\"datum\" \/><\/span> <\/label>\n\t<\/p>\n<\/div>\n<div class=\"ellinge_contact_right\">\n\t<p><label> Message<br \/>\n<span class=\"wpcf7-form-control-wrap\" data-name=\"meddelande\"><textarea cols=\"40\" rows=\"10\" maxlength=\"2000\" class=\"wpcf7-form-control wpcf7-textarea\" aria-invalid=\"false\" name=\"meddelande\"><\/textarea><\/span> <\/label>\n\t<\/p>\n\t<p><input class=\"wpcf7-form-control wpcf7-submit has-spinner\" type=\"submit\" value=\"Send\" \/>\n\t<\/p>\n<\/div><div class=\"wpcf7-response-output\" aria-hidden=\"true\"><\/div>\n<\/form>\n<\/div>\n[\/vc_column][vc_column width=&#8221;1\/6&#8243;][\/vc_column][\/vc_row][vc_row full_width=&#8221;stretch_row_content_no_spaces&#8221; parallax=&#8221;content-moving&#8221; parallax_image=&#8221;118&#8243; css=&#8221;.vc_custom_1602162623452{padding-top: 300px !important;padding-bottom: 300px !important;}&#8221; el_class=&#8221;citat_overlay&#8221;][vc_column][vc_column_text css=&#8221;.vc_custom_1602162638401{padding-right: 50px !important;padding-left: 50px !important;}&#8221;]<div class=\"swiper-container quote_swiper brollop\"><div class=\"swiper-wrapper\"><div class=\"swiper-slide\"><div class=\"citat_inner\"><em>\"Thank you so much for everything you did to create the magical wedding weekend we had! We are incredibly grateful and all our guests agreed that it was so incredibly well maintained and upset. Fantastic simply.\r\n\r\nThank you also for all your flexibility and help during the planning that made the day exactly as we dreamed of.\"<\/em><h3>Hanna &#038; Pierre, August 2019<\/h3><\/div><\/div><div class=\"swiper-slide\"><div class=\"citat_inner\"><em>\"Many thanks! Everything was perfect! Magically! All guests were completely satisfied. We have received so much positive feedback! We try to digest everything but it will take time. We are so happy and could not dream of a better wedding! Many thanks to all of you at Ellinge who helped make our big day so fantastic!!\u201d<\/em><h3>Fredrik &#038; Sophie, June 2019<\/h3><\/div><\/div><div class=\"swiper-slide\"><div class=\"citat_inner\"><em><i>\u201cNow it feels as if we have come back to reality again a week after the wedding. We have also had time to digest all the impressions from the wedding weekend and we are very satisfied with how well everything flowed. The whole day was amazing and so was the party!\u201d<\/i><\/em><h3>Johan &#038; Anna, August 2023<\/h3><\/div><\/div><\/div><div class=\"swiper-button-prev\"><\/div><div class=\"swiper-button-next\"><\/div><\/div>[\/vc_column_text][\/vc_column][\/vc_row][vc_row][vc_column][vc_empty_space height=&#8221;50px&#8221;][\/vc_column][\/vc_row]<\/p>\n","protected":false},"excerpt":{"rendered":"<p>[vc_row][vc_column][vc_single_image image=&#8221;75&#8243; img_size=&#8221;200*50&#8243; alignment=&#8221;center&#8221;][\/vc_column][\/vc_row][vc_row][vc_column][vc_empty_space height=&#8221;80px&#8221;][\/vc_column][\/vc_row][vc_row][vc_column width=&#8221;1\/2&#8243;][vc_single_image image=&#8221;1495&#8243; img_size=&#8221;full&#8221;][\/vc_column][vc_column width=&#8221;1\/2&#8243;][vc_column_text] Always included at Ellinge Castle At Ellinge Castle, we want our couples to be able to lean back and fully experience their wedding day. You shouldn&#8217;t have to worry about schedules, whether things are in place, or other details, but instead enjoy, embrace, and cherish your [&#8230;]<\/p>\n<p><a class=\"btn btn-secondary understrap-read-more-link\" href=\"https:\/\/ellinge.se\/en\/wedding\/brollop-brollopspaket\/\">Read More&#8230;<span class=\"screen-reader-text\"> from Wedding 2026<\/span><\/a><\/p>\n","protected":false},"author":2,"featured_media":0,"parent":659,"menu_order":0,"comment_status":"closed","ping_status":"closed","template":"","meta":{"footnotes":""},"class_list":["post-1588","page","type-page","status-publish","hentry"],"yoast_head":"<!-- This site is optimized with the Yoast SEO plugin v27.2 - https:\/\/yoast.com\/product\/yoast-seo-wordpress\/ -->\n<title>Br\u00f6llopspaket p\u00e5 Ellinge Slott | Boka ert dr\u00f6mbr\u00f6llop idag!<\/title>\n<meta name=\"description\" content=\"Letar ni br\u00f6llopslokal f\u00f6r ert dr\u00f6mbr\u00f6llop? Skapa of\u00f6rgl\u00f6mliga minnen med ett sagolik br\u00f6llop p\u00e5 Ellinge Slott! | Boka ert dr\u00f6mbr\u00f6llop idag!\" \/>\n<meta name=\"robots\" content=\"index, follow, max-snippet:-1, max-image-preview:large, max-video-preview:-1\" \/>\n<link rel=\"canonical\" href=\"https:\/\/ellinge.se\/en\/wedding\/brollop-brollopspaket\/\" \/>\n<meta property=\"og:locale\" content=\"en_US\" \/>\n<meta property=\"og:type\" content=\"article\" \/>\n<meta property=\"og:title\" content=\"Br\u00f6llopspaket p\u00e5 Ellinge Slott | Boka ert dr\u00f6mbr\u00f6llop idag!\" \/>\n<meta property=\"og:description\" content=\"Letar ni br\u00f6llopslokal f\u00f6r ert dr\u00f6mbr\u00f6llop? Skapa of\u00f6rgl\u00f6mliga minnen med ett sagolik br\u00f6llop p\u00e5 Ellinge Slott! | Boka ert dr\u00f6mbr\u00f6llop idag!\" \/>\n<meta property=\"og:url\" content=\"https:\/\/ellinge.se\/en\/wedding\/brollop-brollopspaket\/\" \/>\n<meta property=\"og:site_name\" content=\"Ellinge Slott\" \/>\n<meta property=\"article:modified_time\" content=\"2025-12-10T17:06:35+00:00\" \/>\n<meta name=\"twitter:card\" content=\"summary_large_image\" \/>\n<meta name=\"twitter:label1\" content=\"Est. reading time\" \/>\n\t<meta name=\"twitter:data1\" content=\"4 minutes\" \/>\n<script type=\"application\/ld+json\" class=\"yoast-schema-graph\">{\"@context\":\"https:\/\/schema.org\",\"@graph\":[{\"@type\":\"WebPage\",\"@id\":\"https:\/\/ellinge.se\/en\/wedding\/brollop-brollopspaket\/\",\"url\":\"https:\/\/ellinge.se\/en\/wedding\/brollop-brollopspaket\/\",\"name\":\"Br\u00f6llopspaket p\u00e5 Ellinge Slott | Boka ert dr\u00f6mbr\u00f6llop idag!\",\"isPartOf\":{\"@id\":\"https:\/\/ellinge.se\/#website\"},\"datePublished\":\"2024-01-15T08:22:39+00:00\",\"dateModified\":\"2025-12-10T17:06:35+00:00\",\"description\":\"Letar ni br\u00f6llopslokal f\u00f6r ert dr\u00f6mbr\u00f6llop? Skapa of\u00f6rgl\u00f6mliga minnen med ett sagolik br\u00f6llop p\u00e5 Ellinge Slott! | Boka ert dr\u00f6mbr\u00f6llop idag!\",\"breadcrumb\":{\"@id\":\"https:\/\/ellinge.se\/en\/wedding\/brollop-brollopspaket\/#breadcrumb\"},\"inLanguage\":\"en-US\",\"potentialAction\":[{\"@type\":\"ReadAction\",\"target\":[\"https:\/\/ellinge.se\/en\/wedding\/brollop-brollopspaket\/\"]}]},{\"@type\":\"BreadcrumbList\",\"@id\":\"https:\/\/ellinge.se\/en\/wedding\/brollop-brollopspaket\/#breadcrumb\",\"itemListElement\":[{\"@type\":\"ListItem\",\"position\":1,\"name\":\"Hem\",\"item\":\"https:\/\/ellinge.se\/en\/\"},{\"@type\":\"ListItem\",\"position\":2,\"name\":\"Wedding at Ellinge Castle\",\"item\":\"https:\/\/ellinge.se\/en\/wedding\/\"},{\"@type\":\"ListItem\",\"position\":3,\"name\":\"Wedding 2026\"}]},{\"@type\":\"WebSite\",\"@id\":\"https:\/\/ellinge.se\/#website\",\"url\":\"https:\/\/ellinge.se\/\",\"name\":\"Ellinge Slott\",\"description\":\"\",\"publisher\":{\"@id\":\"https:\/\/ellinge.se\/#organization\"},\"potentialAction\":[{\"@type\":\"SearchAction\",\"target\":{\"@type\":\"EntryPoint\",\"urlTemplate\":\"https:\/\/ellinge.se\/?s={search_term_string}\"},\"query-input\":{\"@type\":\"PropertyValueSpecification\",\"valueRequired\":true,\"valueName\":\"search_term_string\"}}],\"inLanguage\":\"en-US\"},{\"@type\":\"Organization\",\"@id\":\"https:\/\/ellinge.se\/#organization\",\"name\":\"Ellinge Slott\",\"url\":\"https:\/\/ellinge.se\/\",\"logo\":{\"@type\":\"ImageObject\",\"inLanguage\":\"en-US\",\"@id\":\"https:\/\/ellinge.se\/#\/schema\/logo\/image\/\",\"url\":\"https:\/\/ellinge.se\/wp-content\/uploads\/2020\/05\/logo_white.png\",\"contentUrl\":\"https:\/\/ellinge.se\/wp-content\/uploads\/2020\/05\/logo_white.png\",\"width\":300,\"height\":69,\"caption\":\"Ellinge Slott\"},\"image\":{\"@id\":\"https:\/\/ellinge.se\/#\/schema\/logo\/image\/\"}}]}<\/script>\n<!-- \/ Yoast SEO plugin. -->","yoast_head_json":{"title":"Br\u00f6llopspaket p\u00e5 Ellinge Slott | Boka ert dr\u00f6mbr\u00f6llop idag!","description":"Letar ni br\u00f6llopslokal f\u00f6r ert dr\u00f6mbr\u00f6llop? Skapa of\u00f6rgl\u00f6mliga minnen med ett sagolik br\u00f6llop p\u00e5 Ellinge Slott! | Boka ert dr\u00f6mbr\u00f6llop idag!","robots":{"index":"index","follow":"follow","max-snippet":"max-snippet:-1","max-image-preview":"max-image-preview:large","max-video-preview":"max-video-preview:-1"},"canonical":"https:\/\/ellinge.se\/en\/wedding\/brollop-brollopspaket\/","og_locale":"en_US","og_type":"article","og_title":"Br\u00f6llopspaket p\u00e5 Ellinge Slott | Boka ert dr\u00f6mbr\u00f6llop idag!","og_description":"Letar ni br\u00f6llopslokal f\u00f6r ert dr\u00f6mbr\u00f6llop? Skapa of\u00f6rgl\u00f6mliga minnen med ett sagolik br\u00f6llop p\u00e5 Ellinge Slott! | Boka ert dr\u00f6mbr\u00f6llop idag!","og_url":"https:\/\/ellinge.se\/en\/wedding\/brollop-brollopspaket\/","og_site_name":"Ellinge Slott","article_modified_time":"2025-12-10T17:06:35+00:00","twitter_card":"summary_large_image","twitter_misc":{"Est. reading time":"4 minutes"},"schema":{"@context":"https:\/\/schema.org","@graph":[{"@type":"WebPage","@id":"https:\/\/ellinge.se\/en\/wedding\/brollop-brollopspaket\/","url":"https:\/\/ellinge.se\/en\/wedding\/brollop-brollopspaket\/","name":"Br\u00f6llopspaket p\u00e5 Ellinge Slott | Boka ert dr\u00f6mbr\u00f6llop idag!","isPartOf":{"@id":"https:\/\/ellinge.se\/#website"},"datePublished":"2024-01-15T08:22:39+00:00","dateModified":"2025-12-10T17:06:35+00:00","description":"Letar ni br\u00f6llopslokal f\u00f6r ert dr\u00f6mbr\u00f6llop? Skapa of\u00f6rgl\u00f6mliga minnen med ett sagolik br\u00f6llop p\u00e5 Ellinge Slott! | Boka ert dr\u00f6mbr\u00f6llop idag!","breadcrumb":{"@id":"https:\/\/ellinge.se\/en\/wedding\/brollop-brollopspaket\/#breadcrumb"},"inLanguage":"en-US","potentialAction":[{"@type":"ReadAction","target":["https:\/\/ellinge.se\/en\/wedding\/brollop-brollopspaket\/"]}]},{"@type":"BreadcrumbList","@id":"https:\/\/ellinge.se\/en\/wedding\/brollop-brollopspaket\/#breadcrumb","itemListElement":[{"@type":"ListItem","position":1,"name":"Hem","item":"https:\/\/ellinge.se\/en\/"},{"@type":"ListItem","position":2,"name":"Wedding at Ellinge Castle","item":"https:\/\/ellinge.se\/en\/wedding\/"},{"@type":"ListItem","position":3,"name":"Wedding 2026"}]},{"@type":"WebSite","@id":"https:\/\/ellinge.se\/#website","url":"https:\/\/ellinge.se\/","name":"Ellinge Slott","description":"","publisher":{"@id":"https:\/\/ellinge.se\/#organization"},"potentialAction":[{"@type":"SearchAction","target":{"@type":"EntryPoint","urlTemplate":"https:\/\/ellinge.se\/?s={search_term_string}"},"query-input":{"@type":"PropertyValueSpecification","valueRequired":true,"valueName":"search_term_string"}}],"inLanguage":"en-US"},{"@type":"Organization","@id":"https:\/\/ellinge.se\/#organization","name":"Ellinge Slott","url":"https:\/\/ellinge.se\/","logo":{"@type":"ImageObject","inLanguage":"en-US","@id":"https:\/\/ellinge.se\/#\/schema\/logo\/image\/","url":"https:\/\/ellinge.se\/wp-content\/uploads\/2020\/05\/logo_white.png","contentUrl":"https:\/\/ellinge.se\/wp-content\/uploads\/2020\/05\/logo_white.png","width":300,"height":69,"caption":"Ellinge Slott"},"image":{"@id":"https:\/\/ellinge.se\/#\/schema\/logo\/image\/"}}]}},"_links":{"self":[{"href":"https:\/\/ellinge.se\/en\/wp-json\/wp\/v2\/pages\/1588","targetHints":{"allow":["GET"]}}],"collection":[{"href":"https:\/\/ellinge.se\/en\/wp-json\/wp\/v2\/pages"}],"about":[{"href":"https:\/\/ellinge.se\/en\/wp-json\/wp\/v2\/types\/page"}],"author":[{"embeddable":true,"href":"https:\/\/ellinge.se\/en\/wp-json\/wp\/v2\/users\/2"}],"replies":[{"embeddable":true,"href":"https:\/\/ellinge.se\/en\/wp-json\/wp\/v2\/comments?post=1588"}],"version-history":[{"count":20,"href":"https:\/\/ellinge.se\/en\/wp-json\/wp\/v2\/pages\/1588\/revisions"}],"predecessor-version":[{"id":1932,"href":"https:\/\/ellinge.se\/en\/wp-json\/wp\/v2\/pages\/1588\/revisions\/1932"}],"up":[{"embeddable":true,"href":"https:\/\/ellinge.se\/en\/wp-json\/wp\/v2\/pages\/659"}],"wp:attachment":[{"href":"https:\/\/ellinge.se\/en\/wp-json\/wp\/v2\/media?parent=1588"}],"curies":[{"name":"wp","href":"https:\/\/api.w.org\/{rel}","templated":true}]}}