{"id":1535,"date":"2024-04-03T08:36:33","date_gmt":"2024-04-03T08:36:33","guid":{"rendered":"https:\/\/ellinge.se\/?page_id=1535"},"modified":"2025-12-10T16:50:31","modified_gmt":"2025-12-10T16:50:31","slug":"bryllup-2025","status":"publish","type":"page","link":"https:\/\/ellinge.se\/da\/broellop\/bryllup-2025\/","title":{"rendered":"Bryllup 2026"},"content":{"rendered":"<p>[vc_row][vc_column][vc_empty_space height=&#8221;80px&#8221;][vc_single_image image=&#8221;75&#8243; img_size=&#8221;200*50&#8243; alignment=&#8221;center&#8221;][\/vc_column][\/vc_row][vc_row][vc_column][vc_empty_space height=&#8221;80px&#8221;][\/vc_column][\/vc_row][vc_row][vc_column width=&#8221;1\/2&#8243;][vc_single_image image=&#8221;1495&#8243; img_size=&#8221;full&#8221;][\/vc_column][vc_column width=&#8221;1\/2&#8243;][vc_column_text]<\/p>\n<h2>Altid inkluderet p\u00e5 Ellinge Slot<\/h2>\n<div class=\"page\" title=\"Page 2\">\n<div class=\"layoutArea\">\n<div class=\"column\">\n<p>P\u00e5 Ellinge Slot \u00f8nsker vi, at vores brudepar kan l\u00e6ne sig tilbage og opleve deres bryllupsdag fuldt ud. I skal ikke beh\u00f8ve at t\u00e6nke p\u00e5 tidspunkter, at tingene er p\u00e5 plads, og andre detaljer, men i stedet nyde, kramme og huske jeres livs st\u00f8rste fest. Derfor har vi valgt at inkludere s\u00e5 meget som muligt i vores bryllupskoncept.<\/p>\n<p>I prisen per person inkluderer:<\/p>\n<ul>\n<li>Et glas mousserende vin med p\u00e5fyldning til receptionen<\/li>\n<li>En form for canap\u00e9 og salte snacks<\/li>\n<li>Tre-retters middag Vinpakke med et glas vin til hver ret og p\u00e5fyldning af hovedretsvin<\/li>\n<li>Leje af slot og festlokale<\/li>\n<li>Serveringspersonale<\/li>\n<li>Leje af borde og stole<\/li>\n<li>Porcel\u00e6n, glas og bestik<\/li>\n<li>Linnedduge og linnedsservietter<\/li>\n<li>Stearinlys og lysestager<\/li>\n<li>Projektor og mikrofon til pr\u00e6sentationsmusik<\/li>\n<li>Reng\u00f8ring<\/li>\n<\/ul>\n<p>Vi d\u00e6kker bord og g\u00f8r alt klar til festen mod et bordd\u00e6kningsgebyr, som I kan l\u00e6se mere om i de respektive pakker nedenfor. Dagen f\u00f8r festen har I adgang til festlokalet for at levere blomster og mulighed for at s\u00e6tte jeres personlige pr\u00e6g p\u00e5 lokalet med eventuelle dekorationer.<\/p>\n<\/div>\n<\/div>\n<\/div>\n<p>[\/vc_column_text][\/vc_column][\/vc_row][vc_row][vc_column][vc_empty_space height=&#8221;50px&#8221;][\/vc_column][\/vc_row][vc_row][vc_column width=&#8221;1\/2&#8243;][vc_column_text]<\/p>\n<h2>Priser bryllup 2026<\/h2>\n<p>I priserne nedenfor inkluderer leje af slottet, bindingsv\u00e6rksstalden, hvor festlokalet er, samt alle vores 12 overnatningsv\u00e6relser.<\/p>\n<h2>H\u00f8js\u00e6son<\/h2>\n<p>L\u00f8rdage maj-september<\/p>\n<p>69.000 kr inkl. moms + 160 kr\/g\u00e6st i opd\u00e6kningstill\u00e6g<\/p>\n<h2>Lavs\u00e6son<\/h2>\n<p>L\u00f8rdage oktober-april<\/p>\n<p>59.000 kr inkl. moms + 160 kr\/g\u00e6st i opd\u00e6kningstill\u00e6g<\/p>\n<h2>Onsdage<\/h2>\n<p>Onsdage 16. juni-18. august<\/p>\n<p>59.000 kr inkl. moms + 160 kr\/g\u00e6st i opd\u00e6kningstill\u00e6g[\/vc_column_text][vc_column_text]<\/p>\n<h2 style=\"text-align: left;\">Overnatning<\/h2>\n<div class=\"page\" style=\"text-align: left;\" title=\"Page 2\">\n<div class=\"layoutArea\">\n<div class=\"column\">\n<p>Ellinge Slot tilbyder tolv komfortable hotelv\u00e6relser med plads til 24 g\u00e6ster. <strong>V\u00e6relserne er ikke inkluderet i basisprisen, men hvis I \u00f8nsker at booke en overnatning, er det obligatorisk at booke mindst 6 v\u00e6relser.<\/strong><\/p>\n<p>Pris per hotelv\u00e6relse: 1900 SEK<\/p>\n<p class=\"cgHgbA pYZEjA Xp24Nw\" style=\"text-align: left;\"><span class=\"OYPEnA\">I er vores eneste g\u00e6ster under jeres ophold p\u00e5 Ellinge Slot og har fuld adgang til slotets saloner og opholdsrum under jeres ophold. Vi gl\u00e6der os til at v\u00e6re en del af jeres specielle dag og skabe en unik oplevelse for jeres k\u00e6rlighedshistorie.<\/span><\/p>\n<\/div>\n<\/div>\n<\/div>\n<p>[\/vc_column_text][\/vc_column][vc_column width=&#8221;1\/2&#8243;][vc_single_image image=&#8221;1120&#8243; img_size=&#8221;full&#8221;][\/vc_column][\/vc_row][vc_row][vc_column][vc_empty_space height=&#8221;50px&#8221;][\/vc_column][\/vc_row][vc_row][vc_column width=&#8221;1\/2&#8243;][vc_column_text]<\/p>\n<h2>Catering<\/h2>\n<p>P\u00e5 Ellinge Slot har vi ingen egen ansat kok, i stedet har vi et meget t\u00e6t samarbejde med cateringfirmaet <a href=\"http:\/\/www.gastrodining.se\/\" target=\"_blank\" rel=\"nofollow noopener noreferrer\">Gastrodining<\/a>. Vores samarbejde begyndte for mange \u00e5r siden, da en af vores vigtigste konferencekunder fra Lund st\u00e6rkt anbefalede Gastrodining. Det blev en fantastisk middag for alle g\u00e6sterne, og s\u00e5 begyndte vores t\u00e6tte samarbejde.<\/p>\n<p>I dag leverer Gastrodining alle vores konference- og bryllupsmiddage. Det f\u00f8les utroligt trygt for os, at I som brudepar er i gode h\u00e6nder og f\u00e5r en super middag samt den bedste service p\u00e5 jeres store dag. GD har ingen f\u00e6rdige menuer, men skr\u00e6ddersyr jeres bryllupsmenu helt ud fra jeres \u00f8nsker.<\/p>\n<p>Deres serveringspersonale kender Ellinge Slot godt og hj\u00e6lper jer med alt lige fra servering af velkomstdrink til at st\u00e5 i baren og vikaren indtil sm\u00e5t timerne.<\/p>\n<p>I kan l\u00e6se mere om Gastrodining <a href=\"http:\/\/www.gastrodining.se\/\">her<\/a>.[\/vc_column_text][\/vc_column][vc_column width=&#8221;1\/2&#8243;][vc_single_image image=&#8221;554&#8243; img_size=&#8221;full&#8221;][\/vc_column][\/vc_row][vc_row][vc_column][vc_empty_space height=&#8221;50px&#8221;][\/vc_column][\/vc_row][vc_row][vc_column width=&#8221;1\/2&#8243;][vc_single_image image=&#8221;1507&#8243; img_size=&#8221;full&#8221;][\/vc_column][vc_column width=&#8221;1\/2&#8243;][vc_column_text]<\/p>\n<h2>Drikkevarer<\/h2>\n<p style=\"font-weight: 400;\">Vores bryllupskoncept inkluderer en drikkevarepakke, der er tilpasset jeres valgte menu. Pakken inkluderer 1 glas mousserende vin pr. g\u00e6st under receptionen, 1 glas vin pr. ret til middagen samt en p\u00e5fyldning af hovedretsvinen. Der er forskellige vine at v\u00e6lge imellem til hver ret, og vi hj\u00e6lper jer gerne med at komme med forslag til, hvilke der passer bedst til netop jeres menu. Hvis I foretr\u00e6kker andre vine end dem, der er inkluderet i drikkevarepakken, er det muligt at opgradere pakken mod et till\u00e6gsgebyr.<\/p>\n<p><strong>Vi vil gerne informere vores g\u00e6ster om, at al drik, inklusive alkohol, leveres eksklusivt af Ellinge Slot fra og med den 1. januar 2025, og det er ikke tilladt at medbringe egen drik til nogen af vores arrangementer.<\/strong>[\/vc_column_text][\/vc_column][\/vc_row][vc_row][vc_column][vc_empty_space height=&#8221;50px&#8221;][\/vc_column][\/vc_row][vc_row][vc_column width=&#8221;1\/2&#8243;][vc_column_text]<\/p>\n<h2>Inspiration<\/h2>\n<p>Mange brudepar og bryllupsfotografer deler deres bryllupsbilleder via blogindl\u00e6g og p\u00e5 fotografernes hjemmesider. Tag gerne et kig p\u00e5 nogle af vores tidligere bryllupslinks nedenfor!<\/p>\n<p><a href=\"http:\/\/amliljestrand.se\/2016\/11\/07\/anna_marcus_ellinge\/\">Anna &amp; Marcus<\/a><\/p>\n<p><a href=\"https:\/\/www.turturduva.se\/work\/#\/maria-aleksander-ellinge-slott\/\">Maria &amp; Aleksander<\/a><\/p>\n<p><a href=\"https:\/\/sannadolckwall.se\/brollopsfotograf-ellinge-slott\/\">Christina &amp; Jakob<\/a>[\/vc_column_text][\/vc_column][vc_column width=&#8221;1\/2&#8243;][vc_single_image image=&#8221;324&#8243; img_size=&#8221;full&#8221;][\/vc_column][\/vc_row][vc_row][vc_column][vc_empty_space height=&#8221;50px&#8221;][\/vc_column][\/vc_row][vc_row][vc_column width=&#8221;1\/6&#8243;][\/vc_column][vc_column width=&#8221;2\/3&#8243;][vc_column_text]<\/p>\n<h3 style=\"text-align: center;\">Bryllupsforesp\u00f8rgsel<\/h3>\n<p style=\"text-align: center;\">T\u00f8v ikke med at kontakte os gennem en bryllupsforesp\u00f8rgsel for at f\u00e5 mere detaljeret information om vores unikke bryllupskoncepter!<\/p>\n<p>[\/vc_column_text]\n<div class=\"wpcf7 no-js\" id=\"wpcf7-f1131-o1\" lang=\"sv-SE\" dir=\"ltr\" data-wpcf7-id=\"1131\">\n<div class=\"screen-reader-response\"><p role=\"status\" aria-live=\"polite\" aria-atomic=\"true\"><\/p> <ul><\/ul><\/div>\n<form action=\"\/da\/wp-json\/wp\/v2\/pages\/1535#wpcf7-f1131-o1\" method=\"post\" class=\"wpcf7-form init\" aria-label=\"Kontaktformul\u00e4r\" novalidate=\"novalidate\" data-status=\"init\">\n<fieldset class=\"hidden-fields-container\"><input type=\"hidden\" name=\"_wpcf7\" value=\"1131\" \/><input type=\"hidden\" name=\"_wpcf7_version\" value=\"6.1.5\" \/><input type=\"hidden\" name=\"_wpcf7_locale\" value=\"sv_SE\" \/><input type=\"hidden\" name=\"_wpcf7_unit_tag\" value=\"wpcf7-f1131-o1\" \/><input type=\"hidden\" name=\"_wpcf7_container_post\" value=\"0\" \/><input type=\"hidden\" name=\"_wpcf7_posted_data_hash\" value=\"\" \/><input type=\"hidden\" name=\"_wpcf7_recaptcha_response\" value=\"\" \/>\n<\/fieldset>\n<div class=\"ellinge_contact_left\">\n\t<p><label> Navn<br \/>\n<span class=\"wpcf7-form-control-wrap\" data-name=\"namn\"><input size=\"40\" maxlength=\"400\" class=\"wpcf7-form-control wpcf7-text wpcf7-validates-as-required\" aria-required=\"true\" aria-invalid=\"false\" value=\"\" type=\"text\" name=\"namn\" \/><\/span> <\/label>\n\t<\/p>\n\t<p><label> E-post<br \/>\n<span class=\"wpcf7-form-control-wrap\" data-name=\"epost\"><input size=\"40\" maxlength=\"400\" class=\"wpcf7-form-control wpcf7-email wpcf7-validates-as-required wpcf7-text wpcf7-validates-as-email\" aria-required=\"true\" aria-invalid=\"false\" value=\"\" type=\"email\" name=\"epost\" \/><\/span> <\/label>\n\t<\/p>\n\t<p><label> Telefon<br \/>\n<span class=\"wpcf7-form-control-wrap\" data-name=\"telefon\"><input size=\"40\" maxlength=\"400\" class=\"wpcf7-form-control wpcf7-text\" aria-invalid=\"false\" value=\"\" type=\"text\" name=\"telefon\" \/><\/span> <\/label>\n\t<\/p>\n\t<p><label> \u00d8nsket bryllupsdato<br \/>\n<span class=\"wpcf7-form-control-wrap\" data-name=\"datum\"><input class=\"wpcf7-form-control wpcf7-date wpcf7-validates-as-date\" aria-invalid=\"false\" value=\"\" type=\"date\" name=\"datum\" \/><\/span> <\/label>\n\t<\/p>\n<\/div>\n<div class=\"ellinge_contact_right\">\n\t<p><label> Meddelelse<br \/>\n<span class=\"wpcf7-form-control-wrap\" data-name=\"meddelande\"><textarea cols=\"40\" rows=\"10\" maxlength=\"2000\" class=\"wpcf7-form-control wpcf7-textarea\" aria-invalid=\"false\" name=\"meddelande\"><\/textarea><\/span> <\/label>\n\t<\/p>\n\t<p><input class=\"wpcf7-form-control wpcf7-submit has-spinner\" type=\"submit\" value=\"Sende\" \/>\n\t<\/p>\n<\/div><div class=\"wpcf7-response-output\" aria-hidden=\"true\"><\/div>\n<\/form>\n<\/div>\n[\/vc_column][vc_column width=&#8221;1\/6&#8243;][\/vc_column][\/vc_row][vc_row full_width=&#8221;stretch_row_content_no_spaces&#8221; parallax=&#8221;content-moving&#8221; parallax_image=&#8221;118&#8243; css=&#8221;.vc_custom_1602162623452{padding-top: 300px !important;padding-bottom: 300px !important;}&#8221; el_class=&#8221;citat_overlay&#8221;][vc_column][vc_column_text css=&#8221;.vc_custom_1602162638401{padding-right: 50px !important;padding-left: 50px !important;}&#8221;]<div class=\"swiper-container quote_swiper brollop\"><div class=\"swiper-wrapper\"><div class=\"swiper-slide\"><div class=\"citat_inner\"><em>Nu f\u00f8les det, som om vi er kommet tilbage til virkeligheden igen, cirka en uge efter brylluppet. Vi har ogs\u00e5 haft tid til at ford\u00f8je alle indtrykkene fra bryllupsweekenden, og vi er meget tilfredse med, hvor godt alt forl\u00f8b. Hele dagen var fantastisk, og festen lige s\u00e5!<\/em><h3>Johan &#038; Anna, august 2023<\/h3><\/div><\/div><div class=\"swiper-slide\"><div class=\"citat_inner\"><em><em>Stort TAK! Alt blev perfekt! Magiskt! Alle g\u00e6ster var fuldt tilfredse. Vi har modtaget s\u00e5 mange positive tilbagemeldinger! Vi fors\u00f8ger at ford\u00f8je det hele, men det vil tage tid. Vi er s\u00e5 lykkelige og kunne ikke dr\u00f8mme om en bedre bryllupsdag! Stort tak til jer alle p\u00e5 Ellinge, som var med til at bidrage til at g\u00f8re vores store dag s\u00e5 fantastisk!!<\/em><\/em><h3>Fredrik &#038; Sophie, Juni 2019<\/h3><\/div><\/div><div class=\"swiper-slide\"><div class=\"citat_inner\"><em><em>Stort TAK for alt, og vores dr\u00f8m om at blive gift p\u00e5 Ellinge gik i opfyldelse!  Alle havde det sjovt og synes, det var s\u00e5 smukt!<\/em>\r\n\r\n<em>Stort tak igen for alt, og vi vil leve l\u00e6nge p\u00e5 dette \u2764\ufe0f<\/em><\/em><h3>Helena &#038; Joakim, august 2021<\/h3><\/div><\/div><div class=\"swiper-slide\"><div class=\"citat_inner\"><em><em>Vi vil gerne starte med at sige et Stort Tak for weekenden!! Vi er utroligt glade og meget tilfredse med Ellinge, morgenmaden, al hj\u00e6lpen og den fine behandling. Det kunne ikke v\u00e6re g\u00e5et bedre. S\u00e5 tusind tak for alt, og en ekstra tak til Josefine, som fik os til at f\u00f8le os meget rolige og klar. Du var utroligt vigtig i processen. S\u00e5, tusind tak!<\/em><\/em><h3>Jessica &#038; Viktor, august 2023<\/h3><\/div><\/div><div class=\"swiper-slide\"><div class=\"citat_inner\"><em><em>Stor tak for alt! Det blev en fantastisk dag med dejligt vejr, god mad og masser af venner! Det var helt rigtigt, at vi k\u00e6mpede for at holde festen og ikke bare gav op for to \u00e5r siden. Mange tak for et godt samarbejde i l\u00f8bet af disse snart 2,5 \u00e5r af kontakt og planl\u00e6gning! Vi h\u00e5ber, at I form\u00e5r at give flere brudepar lignende magiske fejringer i l\u00f8bet af \u00e5ret.<\/em><\/em><h3>Emil &#038; Nina, marts 2022<\/h3><\/div><\/div><\/div><div class=\"swiper-button-prev\"><\/div><div class=\"swiper-button-next\"><\/div><\/div>[\/vc_column_text][\/vc_column][\/vc_row][vc_row][vc_column][vc_empty_space height=&#8221;50px&#8221;][\/vc_column][\/vc_row]<\/p>\n","protected":false},"excerpt":{"rendered":"<p>[vc_row][vc_column][vc_empty_space height=&#8221;80px&#8221;][vc_single_image image=&#8221;75&#8243; img_size=&#8221;200*50&#8243; alignment=&#8221;center&#8221;][\/vc_column][\/vc_row][vc_row][vc_column][vc_empty_space height=&#8221;80px&#8221;][\/vc_column][\/vc_row][vc_row][vc_column width=&#8221;1\/2&#8243;][vc_single_image image=&#8221;1495&#8243; img_size=&#8221;full&#8221;][\/vc_column][vc_column width=&#8221;1\/2&#8243;][vc_column_text] Altid inkluderet p\u00e5 Ellinge Slot P\u00e5 Ellinge Slot \u00f8nsker vi, at vores brudepar kan l\u00e6ne sig tilbage og opleve deres bryllupsdag fuldt ud. I skal ikke beh\u00f8ve at t\u00e6nke p\u00e5 tidspunkter, at tingene er p\u00e5 plads, og andre detaljer, men i stedet nyde, kramme og [&#8230;]<\/p>\n<p><a class=\"btn btn-secondary understrap-read-more-link\" href=\"https:\/\/ellinge.se\/da\/broellop\/bryllup-2025\/\">L\u00e6s mere&#8230;<span class=\"screen-reader-text\"> from Bryllup 2026<\/span><\/a><\/p>\n","protected":false},"author":2,"featured_media":0,"parent":1099,"menu_order":0,"comment_status":"closed","ping_status":"closed","template":"","meta":{"footnotes":""},"class_list":["post-1535","page","type-page","status-publish","hentry"],"yoast_head":"<!-- This site is optimized with the Yoast SEO plugin v27.2 - https:\/\/yoast.com\/product\/yoast-seo-wordpress\/ -->\n<title>Bryllup 2026 | Ellinge Slott<\/title>\n<meta name=\"robots\" content=\"index, follow, max-snippet:-1, max-image-preview:large, max-video-preview:-1\" \/>\n<link rel=\"canonical\" href=\"https:\/\/ellinge.se\/da\/broellop\/bryllup-2025\/\" \/>\n<meta property=\"og:locale\" content=\"da_DK\" \/>\n<meta property=\"og:type\" content=\"article\" \/>\n<meta property=\"og:title\" content=\"Bryllup 2026 | Ellinge Slott\" \/>\n<meta property=\"og:description\" content=\"[vc_row][vc_column][vc_empty_space height=&#8221;80px&#8221;][vc_single_image image=&#8221;75&#8243; img_size=&#8221;200*50&#8243; alignment=&#8221;center&#8221;][\/vc_column][\/vc_row][vc_row][vc_column][vc_empty_space height=&#8221;80px&#8221;][\/vc_column][\/vc_row][vc_row][vc_column width=&#8221;1\/2&#8243;][vc_single_image image=&#8221;1495&#8243; img_size=&#8221;full&#8221;][\/vc_column][vc_column width=&#8221;1\/2&#8243;][vc_column_text] Altid inkluderet p\u00e5 Ellinge Slot P\u00e5 Ellinge Slot \u00f8nsker vi, at vores brudepar kan l\u00e6ne sig tilbage og opleve deres bryllupsdag fuldt ud. I skal ikke beh\u00f8ve at t\u00e6nke p\u00e5 tidspunkter, at tingene er p\u00e5 plads, og andre detaljer, men i stedet nyde, kramme og [...]L\u00e6s mere... from Bryllup 2026\" \/>\n<meta property=\"og:url\" content=\"https:\/\/ellinge.se\/da\/broellop\/bryllup-2025\/\" \/>\n<meta property=\"og:site_name\" content=\"Ellinge Slott\" \/>\n<meta property=\"article:modified_time\" content=\"2025-12-10T16:50:31+00:00\" \/>\n<meta name=\"twitter:card\" content=\"summary_large_image\" \/>\n<meta name=\"twitter:label1\" content=\"Estimeret l\u00e6setid\" \/>\n\t<meta name=\"twitter:data1\" content=\"4 minutter\" \/>\n<script type=\"application\/ld+json\" class=\"yoast-schema-graph\">{\"@context\":\"https:\/\/schema.org\",\"@graph\":[{\"@type\":\"WebPage\",\"@id\":\"https:\/\/ellinge.se\/da\/broellop\/bryllup-2025\/\",\"url\":\"https:\/\/ellinge.se\/da\/broellop\/bryllup-2025\/\",\"name\":\"Bryllup 2026 | Ellinge Slott\",\"isPartOf\":{\"@id\":\"https:\/\/ellinge.se\/#website\"},\"datePublished\":\"2024-04-03T08:36:33+00:00\",\"dateModified\":\"2025-12-10T16:50:31+00:00\",\"breadcrumb\":{\"@id\":\"https:\/\/ellinge.se\/da\/broellop\/bryllup-2025\/#breadcrumb\"},\"inLanguage\":\"da-DK\",\"potentialAction\":[{\"@type\":\"ReadAction\",\"target\":[\"https:\/\/ellinge.se\/da\/broellop\/bryllup-2025\/\"]}]},{\"@type\":\"BreadcrumbList\",\"@id\":\"https:\/\/ellinge.se\/da\/broellop\/bryllup-2025\/#breadcrumb\",\"itemListElement\":[{\"@type\":\"ListItem\",\"position\":1,\"name\":\"Hem\",\"item\":\"https:\/\/ellinge.se\/da\/\"},{\"@type\":\"ListItem\",\"position\":2,\"name\":\"Broellop p\u00e5 Ellinge Slot\",\"item\":\"https:\/\/ellinge.se\/da\/broellop\/\"},{\"@type\":\"ListItem\",\"position\":3,\"name\":\"Bryllup 2026\"}]},{\"@type\":\"WebSite\",\"@id\":\"https:\/\/ellinge.se\/#website\",\"url\":\"https:\/\/ellinge.se\/\",\"name\":\"Ellinge Slott\",\"description\":\"\",\"publisher\":{\"@id\":\"https:\/\/ellinge.se\/#organization\"},\"potentialAction\":[{\"@type\":\"SearchAction\",\"target\":{\"@type\":\"EntryPoint\",\"urlTemplate\":\"https:\/\/ellinge.se\/?s={search_term_string}\"},\"query-input\":{\"@type\":\"PropertyValueSpecification\",\"valueRequired\":true,\"valueName\":\"search_term_string\"}}],\"inLanguage\":\"da-DK\"},{\"@type\":\"Organization\",\"@id\":\"https:\/\/ellinge.se\/#organization\",\"name\":\"Ellinge Slott\",\"url\":\"https:\/\/ellinge.se\/\",\"logo\":{\"@type\":\"ImageObject\",\"inLanguage\":\"da-DK\",\"@id\":\"https:\/\/ellinge.se\/#\/schema\/logo\/image\/\",\"url\":\"https:\/\/ellinge.se\/wp-content\/uploads\/2020\/05\/logo_white.png\",\"contentUrl\":\"https:\/\/ellinge.se\/wp-content\/uploads\/2020\/05\/logo_white.png\",\"width\":300,\"height\":69,\"caption\":\"Ellinge Slott\"},\"image\":{\"@id\":\"https:\/\/ellinge.se\/#\/schema\/logo\/image\/\"}}]}<\/script>\n<!-- \/ Yoast SEO plugin. -->","yoast_head_json":{"title":"Bryllup 2026 | Ellinge Slott","robots":{"index":"index","follow":"follow","max-snippet":"max-snippet:-1","max-image-preview":"max-image-preview:large","max-video-preview":"max-video-preview:-1"},"canonical":"https:\/\/ellinge.se\/da\/broellop\/bryllup-2025\/","og_locale":"da_DK","og_type":"article","og_title":"Bryllup 2026 | Ellinge Slott","og_description":"[vc_row][vc_column][vc_empty_space height=&#8221;80px&#8221;][vc_single_image image=&#8221;75&#8243; img_size=&#8221;200*50&#8243; alignment=&#8221;center&#8221;][\/vc_column][\/vc_row][vc_row][vc_column][vc_empty_space height=&#8221;80px&#8221;][\/vc_column][\/vc_row][vc_row][vc_column width=&#8221;1\/2&#8243;][vc_single_image image=&#8221;1495&#8243; img_size=&#8221;full&#8221;][\/vc_column][vc_column width=&#8221;1\/2&#8243;][vc_column_text] Altid inkluderet p\u00e5 Ellinge Slot P\u00e5 Ellinge Slot \u00f8nsker vi, at vores brudepar kan l\u00e6ne sig tilbage og opleve deres bryllupsdag fuldt ud. I skal ikke beh\u00f8ve at t\u00e6nke p\u00e5 tidspunkter, at tingene er p\u00e5 plads, og andre detaljer, men i stedet nyde, kramme og [...]L\u00e6s mere... from Bryllup 2026","og_url":"https:\/\/ellinge.se\/da\/broellop\/bryllup-2025\/","og_site_name":"Ellinge Slott","article_modified_time":"2025-12-10T16:50:31+00:00","twitter_card":"summary_large_image","twitter_misc":{"Estimeret l\u00e6setid":"4 minutter"},"schema":{"@context":"https:\/\/schema.org","@graph":[{"@type":"WebPage","@id":"https:\/\/ellinge.se\/da\/broellop\/bryllup-2025\/","url":"https:\/\/ellinge.se\/da\/broellop\/bryllup-2025\/","name":"Bryllup 2026 | Ellinge Slott","isPartOf":{"@id":"https:\/\/ellinge.se\/#website"},"datePublished":"2024-04-03T08:36:33+00:00","dateModified":"2025-12-10T16:50:31+00:00","breadcrumb":{"@id":"https:\/\/ellinge.se\/da\/broellop\/bryllup-2025\/#breadcrumb"},"inLanguage":"da-DK","potentialAction":[{"@type":"ReadAction","target":["https:\/\/ellinge.se\/da\/broellop\/bryllup-2025\/"]}]},{"@type":"BreadcrumbList","@id":"https:\/\/ellinge.se\/da\/broellop\/bryllup-2025\/#breadcrumb","itemListElement":[{"@type":"ListItem","position":1,"name":"Hem","item":"https:\/\/ellinge.se\/da\/"},{"@type":"ListItem","position":2,"name":"Broellop p\u00e5 Ellinge Slot","item":"https:\/\/ellinge.se\/da\/broellop\/"},{"@type":"ListItem","position":3,"name":"Bryllup 2026"}]},{"@type":"WebSite","@id":"https:\/\/ellinge.se\/#website","url":"https:\/\/ellinge.se\/","name":"Ellinge Slott","description":"","publisher":{"@id":"https:\/\/ellinge.se\/#organization"},"potentialAction":[{"@type":"SearchAction","target":{"@type":"EntryPoint","urlTemplate":"https:\/\/ellinge.se\/?s={search_term_string}"},"query-input":{"@type":"PropertyValueSpecification","valueRequired":true,"valueName":"search_term_string"}}],"inLanguage":"da-DK"},{"@type":"Organization","@id":"https:\/\/ellinge.se\/#organization","name":"Ellinge Slott","url":"https:\/\/ellinge.se\/","logo":{"@type":"ImageObject","inLanguage":"da-DK","@id":"https:\/\/ellinge.se\/#\/schema\/logo\/image\/","url":"https:\/\/ellinge.se\/wp-content\/uploads\/2020\/05\/logo_white.png","contentUrl":"https:\/\/ellinge.se\/wp-content\/uploads\/2020\/05\/logo_white.png","width":300,"height":69,"caption":"Ellinge Slott"},"image":{"@id":"https:\/\/ellinge.se\/#\/schema\/logo\/image\/"}}]}},"_links":{"self":[{"href":"https:\/\/ellinge.se\/da\/wp-json\/wp\/v2\/pages\/1535","targetHints":{"allow":["GET"]}}],"collection":[{"href":"https:\/\/ellinge.se\/da\/wp-json\/wp\/v2\/pages"}],"about":[{"href":"https:\/\/ellinge.se\/da\/wp-json\/wp\/v2\/types\/page"}],"author":[{"embeddable":true,"href":"https:\/\/ellinge.se\/da\/wp-json\/wp\/v2\/users\/2"}],"replies":[{"embeddable":true,"href":"https:\/\/ellinge.se\/da\/wp-json\/wp\/v2\/comments?post=1535"}],"version-history":[{"count":14,"href":"https:\/\/ellinge.se\/da\/wp-json\/wp\/v2\/pages\/1535\/revisions"}],"predecessor-version":[{"id":1923,"href":"https:\/\/ellinge.se\/da\/wp-json\/wp\/v2\/pages\/1535\/revisions\/1923"}],"up":[{"embeddable":true,"href":"https:\/\/ellinge.se\/da\/wp-json\/wp\/v2\/pages\/1099"}],"wp:attachment":[{"href":"https:\/\/ellinge.se\/da\/wp-json\/wp\/v2\/media?parent=1535"}],"curies":[{"name":"wp","href":"https:\/\/api.w.org\/{rel}","templated":true}]}}