{"id":1410,"date":"2023-11-27T13:23:41","date_gmt":"2023-11-27T13:23:41","guid":{"rendered":"https:\/\/ellinge.se\/?page_id=1410"},"modified":"2024-03-07T09:38:34","modified_gmt":"2024-03-07T09:38:34","slug":"hyr-ett-slott","status":"publish","type":"page","link":"https:\/\/ellinge.se\/da\/hyr-ett-slott\/","title":{"rendered":"Hyr et Slot"},"content":{"rendered":"<p>[vc_row][vc_column][vc_single_image image=&#8221;75&#8243; img_size=&#8221;200*50&#8243; alignment=&#8221;center&#8221;][\/vc_column][\/vc_row][vc_row][vc_column][vc_empty_space height=&#8221;80px&#8221;][\/vc_column][\/vc_row][vc_row][vc_column width=&#8221;1\/2&#8243;][vc_column_text]<\/p>\n<h2>S\u00f8ger I efter en helt uforglemmelig oplevelse?<\/h2>\n<p>Ellinge Slot tilbyder en eksklusiv mulighed for at leje slottet til private arrangementer med overnatning. Alt er skr\u00e6ddersyet efter netop jeres specifikke behov og \u00f8nsker. Vort unikke slot, med r\u00f8dder tilbage fra det 12. \u00e5rhundrede, skaber en atmosf\u00e6re af historie og elegance. Uanset om det er en familiefest, f\u00f8dselsdagsfest, firmakonference eller et andet arrangement, kan I leje Ellinge Slot for at skabe en mindev\u00e6rdig oplevelse. Under jeres ophold er I vores eneste g\u00e6ster og kan derfor nyde fuldt ud af slottets bibliotek og salon.<\/p>\n<p>Slottet har 12 unikke dobbeltv\u00e6relser, smagfuldt renoverede og individuelt designet, hvilket giver g\u00e6sterne en behagelig overnatning. Vore smukke omgivelser, herunder slotsparken, udg\u00f8r en idyllisk ramme for jeres arrangement. Her p\u00e5 Ellinge Slot v\u00e6rds\u00e6tter vi h\u00f8jt personlig service og arbejder t\u00e6t sammen med hver klient for at skabe en unik pakke, der passer til jeres visioner. Vi str\u00e6ber efter at g\u00f8re hver eneste detalje af jeres ophold p\u00e5 Ellinge Slot uforglemmelig. Fra f\u00f8rste kontakt til afrejse fra slottet st\u00e5r vores dedikerede team til jeres r\u00e5dighed for at sikre en glat og vellykket oplevelse.<\/p>\n<p>Kontakt os via formularen nedenfor for mere information om priser og tilg\u00e6ngelighed for netop jeres arrangement![\/vc_column_text][\/vc_column][vc_column width=&#8221;1\/2&#8243;][vc_single_image image=&#8221;241&#8243; img_size=&#8221;full&#8221;][\/vc_column][\/vc_row][vc_row][vc_column][vc_empty_space height=&#8221;80px&#8221;][\/vc_column][\/vc_row][vc_row][vc_column width=&#8221;1\/6&#8243;][\/vc_column][vc_column width=&#8221;2\/3&#8243;][vc_column_text]<\/p>\n<h3 style=\"text-align: center;\">Bookingforesp\u00f8rgsel<\/h3>\n<p>[\/vc_column_text]\n<div class=\"wpcf7 no-js\" id=\"wpcf7-f1211-o1\" lang=\"sv-SE\" dir=\"ltr\" data-wpcf7-id=\"1211\">\n<div class=\"screen-reader-response\"><p role=\"status\" aria-live=\"polite\" aria-atomic=\"true\"><\/p> <ul><\/ul><\/div>\n<form action=\"\/da\/wp-json\/wp\/v2\/pages\/1410#wpcf7-f1211-o1\" method=\"post\" class=\"wpcf7-form init\" aria-label=\"Kontaktformul\u00e4r\" novalidate=\"novalidate\" data-status=\"init\">\n<fieldset class=\"hidden-fields-container\"><input type=\"hidden\" name=\"_wpcf7\" value=\"1211\" \/><input type=\"hidden\" name=\"_wpcf7_version\" value=\"6.1.5\" \/><input type=\"hidden\" name=\"_wpcf7_locale\" value=\"sv_SE\" \/><input type=\"hidden\" name=\"_wpcf7_unit_tag\" value=\"wpcf7-f1211-o1\" \/><input type=\"hidden\" name=\"_wpcf7_container_post\" value=\"0\" \/><input type=\"hidden\" name=\"_wpcf7_posted_data_hash\" value=\"\" \/><input type=\"hidden\" name=\"_wpcf7_recaptcha_response\" value=\"\" \/>\n<\/fieldset>\n<div class=\"ellinge_contact_left\">\n\t<p><label> Navn<br \/>\n<span class=\"wpcf7-form-control-wrap\" data-name=\"namn\"><input size=\"40\" maxlength=\"400\" class=\"wpcf7-form-control wpcf7-text wpcf7-validates-as-required\" aria-required=\"true\" aria-invalid=\"false\" value=\"\" type=\"text\" name=\"namn\" \/><\/span> <\/label>\n\t<\/p>\n\t<p><label> E-post<br \/>\n<span class=\"wpcf7-form-control-wrap\" data-name=\"epost\"><input size=\"40\" maxlength=\"400\" class=\"wpcf7-form-control wpcf7-email wpcf7-validates-as-required wpcf7-text wpcf7-validates-as-email\" aria-required=\"true\" aria-invalid=\"false\" value=\"\" type=\"email\" name=\"epost\" \/><\/span> <\/label>\n\t<\/p>\n\t<p><label> Telefon<br \/>\n<span class=\"wpcf7-form-control-wrap\" data-name=\"telefon\"><input size=\"40\" maxlength=\"400\" class=\"wpcf7-form-control wpcf7-text\" aria-invalid=\"false\" value=\"\" type=\"text\" name=\"telefon\" \/><\/span> <\/label>\n\t<\/p>\n\t<p><label> \u00d8nsket dato<br \/>\n<span class=\"wpcf7-form-control-wrap\" data-name=\"datum\"><input class=\"wpcf7-form-control wpcf7-date wpcf7-validates-as-date\" aria-invalid=\"false\" value=\"\" type=\"date\" name=\"datum\" \/><\/span> <\/label>\n\t<\/p>\n<\/div>\n<div class=\"ellinge_contact_right\">\n\t<p><label> Meddelelse<br \/>\n<span class=\"wpcf7-form-control-wrap\" data-name=\"meddelande\"><textarea cols=\"40\" rows=\"10\" maxlength=\"2000\" class=\"wpcf7-form-control wpcf7-textarea\" aria-invalid=\"false\" name=\"meddelande\"><\/textarea><\/span> <\/label>\n\t<\/p>\n\t<p><input class=\"wpcf7-form-control wpcf7-submit has-spinner\" type=\"submit\" value=\"Sende\" \/>\n\t<\/p>\n<\/div><div class=\"wpcf7-response-output\" aria-hidden=\"true\"><\/div>\n<\/form>\n<\/div>\n[\/vc_column][vc_column width=&#8221;1\/6&#8243;][\/vc_column][\/vc_row]<\/p>\n","protected":false},"excerpt":{"rendered":"<p>[vc_row][vc_column][vc_single_image image=&#8221;75&#8243; img_size=&#8221;200*50&#8243; alignment=&#8221;center&#8221;][\/vc_column][\/vc_row][vc_row][vc_column][vc_empty_space height=&#8221;80px&#8221;][\/vc_column][\/vc_row][vc_row][vc_column width=&#8221;1\/2&#8243;][vc_column_text] S\u00f8ger I efter en helt uforglemmelig oplevelse? Ellinge Slot tilbyder en eksklusiv mulighed for at leje slottet til private arrangementer med overnatning. Alt er skr\u00e6ddersyet efter netop jeres specifikke behov og \u00f8nsker. Vort unikke slot, med r\u00f8dder tilbage fra det 12. \u00e5rhundrede, skaber en atmosf\u00e6re af historie og elegance. [&#8230;]<\/p>\n<p><a class=\"btn btn-secondary understrap-read-more-link\" href=\"https:\/\/ellinge.se\/da\/hyr-ett-slott\/\">L\u00e6s mere&#8230;<span class=\"screen-reader-text\"> from Hyr et Slot<\/span><\/a><\/p>\n","protected":false},"author":2,"featured_media":0,"parent":0,"menu_order":0,"comment_status":"closed","ping_status":"closed","template":"","meta":{"footnotes":""},"class_list":["post-1410","page","type-page","status-publish","hentry"],"yoast_head":"<!-- This site is optimized with the Yoast SEO plugin v27.2 - https:\/\/yoast.com\/product\/yoast-seo-wordpress\/ -->\n<title>For unikke oplevelser &amp; luksuri\u00f8se begivenheder - lej Ellinge Slot<\/title>\n<meta name=\"robots\" content=\"index, follow, max-snippet:-1, max-image-preview:large, max-video-preview:-1\" \/>\n<link rel=\"canonical\" href=\"https:\/\/ellinge.se\/da\/hyr-ett-slott\/\" \/>\n<meta property=\"og:locale\" content=\"da_DK\" \/>\n<meta property=\"og:type\" content=\"article\" \/>\n<meta property=\"og:title\" content=\"For unikke oplevelser &amp; luksuri\u00f8se begivenheder - lej Ellinge Slot\" \/>\n<meta property=\"og:description\" content=\"[vc_row][vc_column][vc_single_image image=&#8221;75&#8243; img_size=&#8221;200*50&#8243; alignment=&#8221;center&#8221;][\/vc_column][\/vc_row][vc_row][vc_column][vc_empty_space height=&#8221;80px&#8221;][\/vc_column][\/vc_row][vc_row][vc_column width=&#8221;1\/2&#8243;][vc_column_text] S\u00f8ger I efter en helt uforglemmelig oplevelse? Ellinge Slot tilbyder en eksklusiv mulighed for at leje slottet til private arrangementer med overnatning. Alt er skr\u00e6ddersyet efter netop jeres specifikke behov og \u00f8nsker. Vort unikke slot, med r\u00f8dder tilbage fra det 12. \u00e5rhundrede, skaber en atmosf\u00e6re af historie og elegance. [...]L\u00e6s mere... from Hyr et Slot\" \/>\n<meta property=\"og:url\" content=\"https:\/\/ellinge.se\/da\/hyr-ett-slott\/\" \/>\n<meta property=\"og:site_name\" content=\"Ellinge Slott\" \/>\n<meta property=\"article:modified_time\" content=\"2024-03-07T09:38:34+00:00\" \/>\n<meta name=\"twitter:card\" content=\"summary_large_image\" \/>\n<meta name=\"twitter:label1\" content=\"Estimeret l\u00e6setid\" \/>\n\t<meta name=\"twitter:data1\" content=\"2 minutter\" \/>\n<script type=\"application\/ld+json\" class=\"yoast-schema-graph\">{\"@context\":\"https:\/\/schema.org\",\"@graph\":[{\"@type\":\"WebPage\",\"@id\":\"https:\/\/ellinge.se\/da\/hyr-ett-slott\/\",\"url\":\"https:\/\/ellinge.se\/da\/hyr-ett-slott\/\",\"name\":\"For unikke oplevelser & luksuri\u00f8se begivenheder - lej Ellinge Slot\",\"isPartOf\":{\"@id\":\"https:\/\/ellinge.se\/#website\"},\"datePublished\":\"2023-11-27T13:23:41+00:00\",\"dateModified\":\"2024-03-07T09:38:34+00:00\",\"breadcrumb\":{\"@id\":\"https:\/\/ellinge.se\/da\/hyr-ett-slott\/#breadcrumb\"},\"inLanguage\":\"da-DK\",\"potentialAction\":[{\"@type\":\"ReadAction\",\"target\":[\"https:\/\/ellinge.se\/da\/hyr-ett-slott\/\"]}]},{\"@type\":\"BreadcrumbList\",\"@id\":\"https:\/\/ellinge.se\/da\/hyr-ett-slott\/#breadcrumb\",\"itemListElement\":[{\"@type\":\"ListItem\",\"position\":1,\"name\":\"Hem\",\"item\":\"https:\/\/ellinge.se\/da\/\"},{\"@type\":\"ListItem\",\"position\":2,\"name\":\"Hyr et Slot\"}]},{\"@type\":\"WebSite\",\"@id\":\"https:\/\/ellinge.se\/#website\",\"url\":\"https:\/\/ellinge.se\/\",\"name\":\"Ellinge Slott\",\"description\":\"\",\"publisher\":{\"@id\":\"https:\/\/ellinge.se\/#organization\"},\"potentialAction\":[{\"@type\":\"SearchAction\",\"target\":{\"@type\":\"EntryPoint\",\"urlTemplate\":\"https:\/\/ellinge.se\/?s={search_term_string}\"},\"query-input\":{\"@type\":\"PropertyValueSpecification\",\"valueRequired\":true,\"valueName\":\"search_term_string\"}}],\"inLanguage\":\"da-DK\"},{\"@type\":\"Organization\",\"@id\":\"https:\/\/ellinge.se\/#organization\",\"name\":\"Ellinge Slott\",\"url\":\"https:\/\/ellinge.se\/\",\"logo\":{\"@type\":\"ImageObject\",\"inLanguage\":\"da-DK\",\"@id\":\"https:\/\/ellinge.se\/#\/schema\/logo\/image\/\",\"url\":\"https:\/\/ellinge.se\/wp-content\/uploads\/2020\/05\/logo_white.png\",\"contentUrl\":\"https:\/\/ellinge.se\/wp-content\/uploads\/2020\/05\/logo_white.png\",\"width\":300,\"height\":69,\"caption\":\"Ellinge Slott\"},\"image\":{\"@id\":\"https:\/\/ellinge.se\/#\/schema\/logo\/image\/\"}}]}<\/script>\n<!-- \/ Yoast SEO plugin. -->","yoast_head_json":{"title":"For unikke oplevelser & luksuri\u00f8se begivenheder - lej Ellinge Slot","robots":{"index":"index","follow":"follow","max-snippet":"max-snippet:-1","max-image-preview":"max-image-preview:large","max-video-preview":"max-video-preview:-1"},"canonical":"https:\/\/ellinge.se\/da\/hyr-ett-slott\/","og_locale":"da_DK","og_type":"article","og_title":"For unikke oplevelser & luksuri\u00f8se begivenheder - lej Ellinge Slot","og_description":"[vc_row][vc_column][vc_single_image image=&#8221;75&#8243; img_size=&#8221;200*50&#8243; alignment=&#8221;center&#8221;][\/vc_column][\/vc_row][vc_row][vc_column][vc_empty_space height=&#8221;80px&#8221;][\/vc_column][\/vc_row][vc_row][vc_column width=&#8221;1\/2&#8243;][vc_column_text] S\u00f8ger I efter en helt uforglemmelig oplevelse? Ellinge Slot tilbyder en eksklusiv mulighed for at leje slottet til private arrangementer med overnatning. Alt er skr\u00e6ddersyet efter netop jeres specifikke behov og \u00f8nsker. Vort unikke slot, med r\u00f8dder tilbage fra det 12. \u00e5rhundrede, skaber en atmosf\u00e6re af historie og elegance. [...]L\u00e6s mere... from Hyr et Slot","og_url":"https:\/\/ellinge.se\/da\/hyr-ett-slott\/","og_site_name":"Ellinge Slott","article_modified_time":"2024-03-07T09:38:34+00:00","twitter_card":"summary_large_image","twitter_misc":{"Estimeret l\u00e6setid":"2 minutter"},"schema":{"@context":"https:\/\/schema.org","@graph":[{"@type":"WebPage","@id":"https:\/\/ellinge.se\/da\/hyr-ett-slott\/","url":"https:\/\/ellinge.se\/da\/hyr-ett-slott\/","name":"For unikke oplevelser & luksuri\u00f8se begivenheder - lej Ellinge Slot","isPartOf":{"@id":"https:\/\/ellinge.se\/#website"},"datePublished":"2023-11-27T13:23:41+00:00","dateModified":"2024-03-07T09:38:34+00:00","breadcrumb":{"@id":"https:\/\/ellinge.se\/da\/hyr-ett-slott\/#breadcrumb"},"inLanguage":"da-DK","potentialAction":[{"@type":"ReadAction","target":["https:\/\/ellinge.se\/da\/hyr-ett-slott\/"]}]},{"@type":"BreadcrumbList","@id":"https:\/\/ellinge.se\/da\/hyr-ett-slott\/#breadcrumb","itemListElement":[{"@type":"ListItem","position":1,"name":"Hem","item":"https:\/\/ellinge.se\/da\/"},{"@type":"ListItem","position":2,"name":"Hyr et Slot"}]},{"@type":"WebSite","@id":"https:\/\/ellinge.se\/#website","url":"https:\/\/ellinge.se\/","name":"Ellinge Slott","description":"","publisher":{"@id":"https:\/\/ellinge.se\/#organization"},"potentialAction":[{"@type":"SearchAction","target":{"@type":"EntryPoint","urlTemplate":"https:\/\/ellinge.se\/?s={search_term_string}"},"query-input":{"@type":"PropertyValueSpecification","valueRequired":true,"valueName":"search_term_string"}}],"inLanguage":"da-DK"},{"@type":"Organization","@id":"https:\/\/ellinge.se\/#organization","name":"Ellinge Slott","url":"https:\/\/ellinge.se\/","logo":{"@type":"ImageObject","inLanguage":"da-DK","@id":"https:\/\/ellinge.se\/#\/schema\/logo\/image\/","url":"https:\/\/ellinge.se\/wp-content\/uploads\/2020\/05\/logo_white.png","contentUrl":"https:\/\/ellinge.se\/wp-content\/uploads\/2020\/05\/logo_white.png","width":300,"height":69,"caption":"Ellinge Slott"},"image":{"@id":"https:\/\/ellinge.se\/#\/schema\/logo\/image\/"}}]}},"_links":{"self":[{"href":"https:\/\/ellinge.se\/da\/wp-json\/wp\/v2\/pages\/1410","targetHints":{"allow":["GET"]}}],"collection":[{"href":"https:\/\/ellinge.se\/da\/wp-json\/wp\/v2\/pages"}],"about":[{"href":"https:\/\/ellinge.se\/da\/wp-json\/wp\/v2\/types\/page"}],"author":[{"embeddable":true,"href":"https:\/\/ellinge.se\/da\/wp-json\/wp\/v2\/users\/2"}],"replies":[{"embeddable":true,"href":"https:\/\/ellinge.se\/da\/wp-json\/wp\/v2\/comments?post=1410"}],"version-history":[{"count":5,"href":"https:\/\/ellinge.se\/da\/wp-json\/wp\/v2\/pages\/1410\/revisions"}],"predecessor-version":[{"id":1570,"href":"https:\/\/ellinge.se\/da\/wp-json\/wp\/v2\/pages\/1410\/revisions\/1570"}],"wp:attachment":[{"href":"https:\/\/ellinge.se\/da\/wp-json\/wp\/v2\/media?parent=1410"}],"curies":[{"name":"wp","href":"https:\/\/api.w.org\/{rel}","templated":true}]}}