{"id":1228,"date":"2023-11-15T07:53:59","date_gmt":"2023-11-15T07:53:59","guid":{"rendered":"https:\/\/ellinge.se\/?page_id=1228"},"modified":"2024-01-25T07:46:47","modified_gmt":"2024-01-25T07:46:47","slug":"ellinges-historie","status":"publish","type":"page","link":"https:\/\/ellinge.se\/da\/kontakt\/ellinges-historie\/","title":{"rendered":"Ellinges Historie"},"content":{"rendered":"<p>[vc_row][vc_column][vc_empty_space height=&#8221;64px&#8221;][\/vc_column][\/vc_row][vc_row][vc_column width=&#8221;1\/2&#8243;][vc_column_text]<\/p>\n<h2>Ellinges historie<\/h2>\n<p>Ellinge Slot har en lang historie; allerede i det 12. \u00e5rhundrede i den tidlige middelalder n\u00e6vnes stedet Ellinge og dens forsvarsborg. Den f\u00f8rste ejer af Ellinge Slot var den danske Erland Galen, registreret som ejer i de danske arkiver i begyndelsen af det 13. \u00e5rhundrede.<\/p>\n<p>Efter mange \u00e5rs skift mellem danske og svenske sl\u00e6gter gik slottet i arv til familien Wrangel af Sauss, som ikke boede p\u00e5 slottet, men i stedet opf\u00f8rte Wrangelske Villa uden for slottets voldgrav i 1897. Efter at familien Wrangel blev tvunget til at s\u00e6lge slottet i 1950, blev Ellinge k\u00f8bt af familien Wehtje fra Malm\u00f8. Ernst Wehtje og hans hustru Brita renoverede slottet mellem 1954 og 1956. Hans-Christian Wehtje, s\u00f8n af Ernst, var ejer fra 1956 og udviklede landbrugsaktiviteterne p\u00e5 ejendommen.<\/p>\n<p>I dag driver Hans-Christians s\u00f8n, Mikael Wehtje, Ellinge Slot siden 1993, og i dag omfatter virksomheden blandt andet landbrug, skovbrug, energiproduktion samt udlejning af boliger. Siden 2008 har slottet ogs\u00e5 en eventvirksomhed, der arrangerer konferencer, bryllupper og private fester. Ellinge Slot har dermed ikke kun bevaret sin historiske karakter, men har ogs\u00e5 tilpasset sig for at v\u00e6re et sted for nutidige begivenheder og sammenkomster. Alt med h\u00e5bet om, at Ellinge Slot vil st\u00e5 i endnu hundrede \u00e5r.[\/vc_column_text][\/vc_column][vc_column width=&#8221;1\/2&#8243;][vc_single_image image=&#8221;248&#8243;][vc_single_image image=&#8221;427&#8243;][vc_single_image image=&#8221;241&#8243;][vc_single_image image=&#8221;218&#8243;][\/vc_column][\/vc_row]<\/p>\n","protected":false},"excerpt":{"rendered":"<p>[vc_row][vc_column][vc_empty_space height=&#8221;64px&#8221;][\/vc_column][\/vc_row][vc_row][vc_column width=&#8221;1\/2&#8243;][vc_column_text] Ellinges historie Ellinge Slot har en lang historie; allerede i det 12. \u00e5rhundrede i den tidlige middelalder n\u00e6vnes stedet Ellinge og dens forsvarsborg. Den f\u00f8rste ejer af Ellinge Slot var den danske Erland Galen, registreret som ejer i de danske arkiver i begyndelsen af det 13. \u00e5rhundrede. Efter mange \u00e5rs skift mellem [&#8230;]<\/p>\n<p><a class=\"btn btn-secondary understrap-read-more-link\" href=\"https:\/\/ellinge.se\/da\/kontakt\/ellinges-historie\/\">L\u00e6s mere&#8230;<span class=\"screen-reader-text\"> from Ellinges Historie<\/span><\/a><\/p>\n","protected":false},"author":2,"featured_media":0,"parent":1226,"menu_order":0,"comment_status":"closed","ping_status":"closed","template":"","meta":{"footnotes":""},"class_list":["post-1228","page","type-page","status-publish","hentry"],"yoast_head":"<!-- This site is optimized with the Yoast SEO plugin v27.2 - https:\/\/yoast.com\/product\/yoast-seo-wordpress\/ -->\n<title>Ellinges Historie | Ellinge Slott<\/title>\n<meta name=\"robots\" content=\"index, follow, max-snippet:-1, max-image-preview:large, max-video-preview:-1\" \/>\n<link rel=\"canonical\" href=\"https:\/\/ellinge.se\/da\/kontakt\/ellinges-historie\/\" \/>\n<meta property=\"og:locale\" content=\"da_DK\" \/>\n<meta property=\"og:type\" content=\"article\" \/>\n<meta property=\"og:title\" content=\"Ellinges Historie | Ellinge Slott\" \/>\n<meta property=\"og:description\" content=\"[vc_row][vc_column][vc_empty_space height=&#8221;64px&#8221;][\/vc_column][\/vc_row][vc_row][vc_column width=&#8221;1\/2&#8243;][vc_column_text] Ellinges historie Ellinge Slot har en lang historie; allerede i det 12. \u00e5rhundrede i den tidlige middelalder n\u00e6vnes stedet Ellinge og dens forsvarsborg. Den f\u00f8rste ejer af Ellinge Slot var den danske Erland Galen, registreret som ejer i de danske arkiver i begyndelsen af det 13. \u00e5rhundrede. Efter mange \u00e5rs skift mellem [...]L\u00e6s mere... from Ellinges Historie\" \/>\n<meta property=\"og:url\" content=\"https:\/\/ellinge.se\/da\/kontakt\/ellinges-historie\/\" \/>\n<meta property=\"og:site_name\" content=\"Ellinge Slott\" \/>\n<meta property=\"article:modified_time\" content=\"2024-01-25T07:46:47+00:00\" \/>\n<meta name=\"twitter:card\" content=\"summary_large_image\" \/>\n<meta name=\"twitter:label1\" content=\"Estimeret l\u00e6setid\" \/>\n\t<meta name=\"twitter:data1\" content=\"4 minutter\" \/>\n<script type=\"application\/ld+json\" class=\"yoast-schema-graph\">{\"@context\":\"https:\/\/schema.org\",\"@graph\":[{\"@type\":\"WebPage\",\"@id\":\"https:\/\/ellinge.se\/da\/kontakt\/ellinges-historie\/\",\"url\":\"https:\/\/ellinge.se\/da\/kontakt\/ellinges-historie\/\",\"name\":\"Ellinges Historie | Ellinge Slott\",\"isPartOf\":{\"@id\":\"https:\/\/ellinge.se\/#website\"},\"datePublished\":\"2023-11-15T07:53:59+00:00\",\"dateModified\":\"2024-01-25T07:46:47+00:00\",\"breadcrumb\":{\"@id\":\"https:\/\/ellinge.se\/da\/kontakt\/ellinges-historie\/#breadcrumb\"},\"inLanguage\":\"da-DK\",\"potentialAction\":[{\"@type\":\"ReadAction\",\"target\":[\"https:\/\/ellinge.se\/da\/kontakt\/ellinges-historie\/\"]}]},{\"@type\":\"BreadcrumbList\",\"@id\":\"https:\/\/ellinge.se\/da\/kontakt\/ellinges-historie\/#breadcrumb\",\"itemListElement\":[{\"@type\":\"ListItem\",\"position\":1,\"name\":\"Hem\",\"item\":\"https:\/\/ellinge.se\/da\/\"},{\"@type\":\"ListItem\",\"position\":2,\"name\":\"Kontakt\",\"item\":\"https:\/\/ellinge.se\/om-oss\/kontakt\/\"},{\"@type\":\"ListItem\",\"position\":3,\"name\":\"Ellinges Historie\"}]},{\"@type\":\"WebSite\",\"@id\":\"https:\/\/ellinge.se\/#website\",\"url\":\"https:\/\/ellinge.se\/\",\"name\":\"Ellinge Slott\",\"description\":\"\",\"publisher\":{\"@id\":\"https:\/\/ellinge.se\/#organization\"},\"potentialAction\":[{\"@type\":\"SearchAction\",\"target\":{\"@type\":\"EntryPoint\",\"urlTemplate\":\"https:\/\/ellinge.se\/?s={search_term_string}\"},\"query-input\":{\"@type\":\"PropertyValueSpecification\",\"valueRequired\":true,\"valueName\":\"search_term_string\"}}],\"inLanguage\":\"da-DK\"},{\"@type\":\"Organization\",\"@id\":\"https:\/\/ellinge.se\/#organization\",\"name\":\"Ellinge Slott\",\"url\":\"https:\/\/ellinge.se\/\",\"logo\":{\"@type\":\"ImageObject\",\"inLanguage\":\"da-DK\",\"@id\":\"https:\/\/ellinge.se\/#\/schema\/logo\/image\/\",\"url\":\"https:\/\/ellinge.se\/wp-content\/uploads\/2020\/05\/logo_white.png\",\"contentUrl\":\"https:\/\/ellinge.se\/wp-content\/uploads\/2020\/05\/logo_white.png\",\"width\":300,\"height\":69,\"caption\":\"Ellinge Slott\"},\"image\":{\"@id\":\"https:\/\/ellinge.se\/#\/schema\/logo\/image\/\"}}]}<\/script>\n<!-- \/ Yoast SEO plugin. -->","yoast_head_json":{"title":"Ellinges Historie | Ellinge Slott","robots":{"index":"index","follow":"follow","max-snippet":"max-snippet:-1","max-image-preview":"max-image-preview:large","max-video-preview":"max-video-preview:-1"},"canonical":"https:\/\/ellinge.se\/da\/kontakt\/ellinges-historie\/","og_locale":"da_DK","og_type":"article","og_title":"Ellinges Historie | Ellinge Slott","og_description":"[vc_row][vc_column][vc_empty_space height=&#8221;64px&#8221;][\/vc_column][\/vc_row][vc_row][vc_column width=&#8221;1\/2&#8243;][vc_column_text] Ellinges historie Ellinge Slot har en lang historie; allerede i det 12. \u00e5rhundrede i den tidlige middelalder n\u00e6vnes stedet Ellinge og dens forsvarsborg. Den f\u00f8rste ejer af Ellinge Slot var den danske Erland Galen, registreret som ejer i de danske arkiver i begyndelsen af det 13. \u00e5rhundrede. Efter mange \u00e5rs skift mellem [...]L\u00e6s mere... from Ellinges Historie","og_url":"https:\/\/ellinge.se\/da\/kontakt\/ellinges-historie\/","og_site_name":"Ellinge Slott","article_modified_time":"2024-01-25T07:46:47+00:00","twitter_card":"summary_large_image","twitter_misc":{"Estimeret l\u00e6setid":"4 minutter"},"schema":{"@context":"https:\/\/schema.org","@graph":[{"@type":"WebPage","@id":"https:\/\/ellinge.se\/da\/kontakt\/ellinges-historie\/","url":"https:\/\/ellinge.se\/da\/kontakt\/ellinges-historie\/","name":"Ellinges Historie | Ellinge Slott","isPartOf":{"@id":"https:\/\/ellinge.se\/#website"},"datePublished":"2023-11-15T07:53:59+00:00","dateModified":"2024-01-25T07:46:47+00:00","breadcrumb":{"@id":"https:\/\/ellinge.se\/da\/kontakt\/ellinges-historie\/#breadcrumb"},"inLanguage":"da-DK","potentialAction":[{"@type":"ReadAction","target":["https:\/\/ellinge.se\/da\/kontakt\/ellinges-historie\/"]}]},{"@type":"BreadcrumbList","@id":"https:\/\/ellinge.se\/da\/kontakt\/ellinges-historie\/#breadcrumb","itemListElement":[{"@type":"ListItem","position":1,"name":"Hem","item":"https:\/\/ellinge.se\/da\/"},{"@type":"ListItem","position":2,"name":"Kontakt","item":"https:\/\/ellinge.se\/om-oss\/kontakt\/"},{"@type":"ListItem","position":3,"name":"Ellinges Historie"}]},{"@type":"WebSite","@id":"https:\/\/ellinge.se\/#website","url":"https:\/\/ellinge.se\/","name":"Ellinge Slott","description":"","publisher":{"@id":"https:\/\/ellinge.se\/#organization"},"potentialAction":[{"@type":"SearchAction","target":{"@type":"EntryPoint","urlTemplate":"https:\/\/ellinge.se\/?s={search_term_string}"},"query-input":{"@type":"PropertyValueSpecification","valueRequired":true,"valueName":"search_term_string"}}],"inLanguage":"da-DK"},{"@type":"Organization","@id":"https:\/\/ellinge.se\/#organization","name":"Ellinge Slott","url":"https:\/\/ellinge.se\/","logo":{"@type":"ImageObject","inLanguage":"da-DK","@id":"https:\/\/ellinge.se\/#\/schema\/logo\/image\/","url":"https:\/\/ellinge.se\/wp-content\/uploads\/2020\/05\/logo_white.png","contentUrl":"https:\/\/ellinge.se\/wp-content\/uploads\/2020\/05\/logo_white.png","width":300,"height":69,"caption":"Ellinge Slott"},"image":{"@id":"https:\/\/ellinge.se\/#\/schema\/logo\/image\/"}}]}},"_links":{"self":[{"href":"https:\/\/ellinge.se\/da\/wp-json\/wp\/v2\/pages\/1228","targetHints":{"allow":["GET"]}}],"collection":[{"href":"https:\/\/ellinge.se\/da\/wp-json\/wp\/v2\/pages"}],"about":[{"href":"https:\/\/ellinge.se\/da\/wp-json\/wp\/v2\/types\/page"}],"author":[{"embeddable":true,"href":"https:\/\/ellinge.se\/da\/wp-json\/wp\/v2\/users\/2"}],"replies":[{"embeddable":true,"href":"https:\/\/ellinge.se\/da\/wp-json\/wp\/v2\/comments?post=1228"}],"version-history":[{"count":7,"href":"https:\/\/ellinge.se\/da\/wp-json\/wp\/v2\/pages\/1228\/revisions"}],"predecessor-version":[{"id":1539,"href":"https:\/\/ellinge.se\/da\/wp-json\/wp\/v2\/pages\/1228\/revisions\/1539"}],"up":[{"embeddable":true,"href":"https:\/\/ellinge.se\/da\/wp-json\/wp\/v2\/pages\/1226"}],"wp:attachment":[{"href":"https:\/\/ellinge.se\/da\/wp-json\/wp\/v2\/media?parent=1228"}],"curies":[{"name":"wp","href":"https:\/\/api.w.org\/{rel}","templated":true}]}}