{"id":1213,"date":"2023-11-10T14:27:45","date_gmt":"2023-11-10T14:27:45","guid":{"rendered":"https:\/\/ellinge.se\/?page_id=1213"},"modified":"2026-01-21T14:01:01","modified_gmt":"2026-01-21T14:01:01","slug":"visninger","status":"publish","type":"page","link":"https:\/\/ellinge.se\/da\/visninger\/","title":{"rendered":"Visninger"},"content":{"rendered":"<p>[vc_row][vc_column][vc_single_image image=&#8221;75&#8243; img_size=&#8221;200*50&#8243; alignment=&#8221;center&#8221;][\/vc_column][\/vc_row][vc_row][vc_column][vc_empty_space height=&#8221;80px&#8221;][\/vc_column][\/vc_row][vc_row][vc_column width=&#8221;1\/2&#8243;][vc_column_text]<\/p>\n<h2>Guidede ture<\/h2>\n<p>Ellinge Slot er et af Sk\u00e5nes \u00e6ldste og har r\u00f8dder tilbage fra 1100-tallet. Ellinge har tidligere v\u00e6ret ejet af nogle af de m\u00e6gtigste danske adelsfamilier. Under vores guidede ture introducerer vi jer til Ellinges sp\u00e6ndende historie. Vi g\u00e5r ogs\u00e5 rundt i slottets forskellige rum og fort\u00e6ller om de smukke m\u00f8bler.<\/p>\n<p>Varighed: ca. 45 minutter<\/p>\n<p>Pris: 150 SEK.\/person inkl. moms<br \/>\n(Minimum 20 personer)&#8221;[\/vc_column_text][\/vc_column][vc_column width=&#8221;1\/2&#8243;][vc_single_image image=&#8221;241&#8243; img_size=&#8221;full&#8221;][\/vc_column][\/vc_row][vc_row][vc_column][vc_empty_space height=&#8221;50px&#8221;][\/vc_column][\/vc_row][vc_row][vc_column width=&#8221;1\/2&#8243;][vc_single_image image=&#8221;416&#8243; img_size=&#8221;full&#8221;][\/vc_column][vc_column width=&#8221;1\/2&#8243;][vc_column_text]<\/p>\n<h2>Rundvisning af b\u00e5de Slottet og Purity Distillery<\/h2>\n<p>I forbindelse med jeres bes\u00f8g p\u00e5 Ellinge Slot arrangerer vi gerne formiddagskaffe, eftermiddagskaffe, frokost eller middag. Kontakt os, s\u00e5 skr\u00e6ddersyr vi et forslag, der passer til netop jeres gruppe.<\/p>\n<p><strong>Priseksempel:<\/strong><\/p>\n<ul>\n<li>Rundvisning af Slottet og destilleriet samt formiddagskaffe eller eftermiddagskaffe: 295 SEK. pr. person (minimum 20 personer)<\/li>\n<li>Rundvisning af Slottet og destilleriet samt dagens frokost inkl. m\u00e5ltidsdrik og kaffe: 425 SEK. pr. person (minimum 20 personer)<\/li>\n<li>Frokost med dagens ret inkl. m\u00e5ltidsdrik, rundvisning af Slottet og destilleriet samt eftermiddagskaffe: 495 SEK. pr. person (minimum 20 personer)<\/li>\n<\/ul>\n<p>[\/vc_column_text][\/vc_column][\/vc_row][vc_row][vc_column][vc_empty_space height=&#8221;50px&#8221;][\/vc_column][\/vc_row][vc_row][vc_column width=&#8221;1\/2&#8243;][vc_single_image image=&#8221;637&#8243; img_size=&#8221;full&#8221;][\/vc_column][vc_column width=&#8221;1\/2&#8243;][vc_column_text]<\/p>\n<h2>Purity Distillery<\/h2>\n<p><a href=\"https:\/\/www.puritydistillery.com\/\">Purity Distillery<\/a>\u00a0er en familievirksomhed med passion for kvalitet, b\u00e6redygtighed og uforglemmelige smagsoplevelser. De v\u00e6rds\u00e6tter gamle traditioner og destillerer med stor t\u00e5lmodighed al spiritus hos os p\u00e5 Ellinge Slot. Samtidig forst\u00e5r de, baseret p\u00e5 lang erfaring og kvalitetst\u00e6nkning, vigtigheden af at udvikle sig og f\u00f8lge nutidens trends. Purity&#8217;s fokus ligger altid p\u00e5 at g\u00f8re hver eneste dr\u00e5be til en unik smagsoplevelse gennem omhyggeligt udvalgte \u00f8kologiske ingredienser og sp\u00e6ndende krydderkombinationer.<\/p>\n<p>Derfor har Purity Distillery vundet over 239 internationale priser med deres vodka og gin![\/vc_column_text][\/vc_column][\/vc_row]<\/p>\n","protected":false},"excerpt":{"rendered":"<p>[vc_row][vc_column][vc_single_image image=&#8221;75&#8243; img_size=&#8221;200*50&#8243; alignment=&#8221;center&#8221;][\/vc_column][\/vc_row][vc_row][vc_column][vc_empty_space height=&#8221;80px&#8221;][\/vc_column][\/vc_row][vc_row][vc_column width=&#8221;1\/2&#8243;][vc_column_text] Guidede ture Ellinge Slot er et af Sk\u00e5nes \u00e6ldste og har r\u00f8dder tilbage fra 1100-tallet. Ellinge har tidligere v\u00e6ret ejet af nogle af de m\u00e6gtigste danske adelsfamilier. Under vores guidede ture introducerer vi jer til Ellinges sp\u00e6ndende historie. Vi g\u00e5r ogs\u00e5 rundt i slottets forskellige rum og fort\u00e6ller om [&#8230;]<\/p>\n<p><a class=\"btn btn-secondary understrap-read-more-link\" href=\"https:\/\/ellinge.se\/da\/visninger\/\">L\u00e6s mere&#8230;<span class=\"screen-reader-text\"> from Visninger<\/span><\/a><\/p>\n","protected":false},"author":2,"featured_media":0,"parent":0,"menu_order":0,"comment_status":"closed","ping_status":"closed","template":"","meta":{"footnotes":""},"class_list":["post-1213","page","type-page","status-publish","hentry"],"yoast_head":"<!-- This site is optimized with the Yoast SEO plugin v27.2 - https:\/\/yoast.com\/product\/yoast-seo-wordpress\/ -->\n<title>Guidede ture ved et af Sk\u00e5nes \u00e6ldste slotte<\/title>\n<meta name=\"robots\" content=\"index, follow, max-snippet:-1, max-image-preview:large, max-video-preview:-1\" \/>\n<link rel=\"canonical\" href=\"https:\/\/ellinge.se\/da\/visninger\/\" \/>\n<meta property=\"og:locale\" content=\"da_DK\" \/>\n<meta property=\"og:type\" content=\"article\" \/>\n<meta property=\"og:title\" content=\"Guidede ture ved et af Sk\u00e5nes \u00e6ldste slotte\" \/>\n<meta property=\"og:description\" content=\"[vc_row][vc_column][vc_single_image image=&#8221;75&#8243; img_size=&#8221;200*50&#8243; alignment=&#8221;center&#8221;][\/vc_column][\/vc_row][vc_row][vc_column][vc_empty_space height=&#8221;80px&#8221;][\/vc_column][\/vc_row][vc_row][vc_column width=&#8221;1\/2&#8243;][vc_column_text] Guidede ture Ellinge Slot er et af Sk\u00e5nes \u00e6ldste og har r\u00f8dder tilbage fra 1100-tallet. Ellinge har tidligere v\u00e6ret ejet af nogle af de m\u00e6gtigste danske adelsfamilier. Under vores guidede ture introducerer vi jer til Ellinges sp\u00e6ndende historie. Vi g\u00e5r ogs\u00e5 rundt i slottets forskellige rum og fort\u00e6ller om [...]L\u00e6s mere... from Visninger\" \/>\n<meta property=\"og:url\" content=\"https:\/\/ellinge.se\/da\/visninger\/\" \/>\n<meta property=\"og:site_name\" content=\"Ellinge Slott\" \/>\n<meta property=\"article:modified_time\" content=\"2026-01-21T14:01:01+00:00\" \/>\n<meta name=\"twitter:card\" content=\"summary_large_image\" \/>\n<meta name=\"twitter:label1\" content=\"Estimeret l\u00e6setid\" \/>\n\t<meta name=\"twitter:data1\" content=\"2 minutter\" \/>\n<script type=\"application\/ld+json\" class=\"yoast-schema-graph\">{\"@context\":\"https:\/\/schema.org\",\"@graph\":[{\"@type\":\"WebPage\",\"@id\":\"https:\/\/ellinge.se\/da\/visninger\/\",\"url\":\"https:\/\/ellinge.se\/da\/visninger\/\",\"name\":\"Guidede ture ved et af Sk\u00e5nes \u00e6ldste slotte\",\"isPartOf\":{\"@id\":\"https:\/\/ellinge.se\/#website\"},\"datePublished\":\"2023-11-10T14:27:45+00:00\",\"dateModified\":\"2026-01-21T14:01:01+00:00\",\"breadcrumb\":{\"@id\":\"https:\/\/ellinge.se\/da\/visninger\/#breadcrumb\"},\"inLanguage\":\"da-DK\",\"potentialAction\":[{\"@type\":\"ReadAction\",\"target\":[\"https:\/\/ellinge.se\/da\/visninger\/\"]}]},{\"@type\":\"BreadcrumbList\",\"@id\":\"https:\/\/ellinge.se\/da\/visninger\/#breadcrumb\",\"itemListElement\":[{\"@type\":\"ListItem\",\"position\":1,\"name\":\"Hem\",\"item\":\"https:\/\/ellinge.se\/da\/\"},{\"@type\":\"ListItem\",\"position\":2,\"name\":\"Visninger\"}]},{\"@type\":\"WebSite\",\"@id\":\"https:\/\/ellinge.se\/#website\",\"url\":\"https:\/\/ellinge.se\/\",\"name\":\"Ellinge Slott\",\"description\":\"\",\"publisher\":{\"@id\":\"https:\/\/ellinge.se\/#organization\"},\"potentialAction\":[{\"@type\":\"SearchAction\",\"target\":{\"@type\":\"EntryPoint\",\"urlTemplate\":\"https:\/\/ellinge.se\/?s={search_term_string}\"},\"query-input\":{\"@type\":\"PropertyValueSpecification\",\"valueRequired\":true,\"valueName\":\"search_term_string\"}}],\"inLanguage\":\"da-DK\"},{\"@type\":\"Organization\",\"@id\":\"https:\/\/ellinge.se\/#organization\",\"name\":\"Ellinge Slott\",\"url\":\"https:\/\/ellinge.se\/\",\"logo\":{\"@type\":\"ImageObject\",\"inLanguage\":\"da-DK\",\"@id\":\"https:\/\/ellinge.se\/#\/schema\/logo\/image\/\",\"url\":\"https:\/\/ellinge.se\/wp-content\/uploads\/2020\/05\/logo_white.png\",\"contentUrl\":\"https:\/\/ellinge.se\/wp-content\/uploads\/2020\/05\/logo_white.png\",\"width\":300,\"height\":69,\"caption\":\"Ellinge Slott\"},\"image\":{\"@id\":\"https:\/\/ellinge.se\/#\/schema\/logo\/image\/\"}}]}<\/script>\n<!-- \/ Yoast SEO plugin. -->","yoast_head_json":{"title":"Guidede ture ved et af Sk\u00e5nes \u00e6ldste slotte","robots":{"index":"index","follow":"follow","max-snippet":"max-snippet:-1","max-image-preview":"max-image-preview:large","max-video-preview":"max-video-preview:-1"},"canonical":"https:\/\/ellinge.se\/da\/visninger\/","og_locale":"da_DK","og_type":"article","og_title":"Guidede ture ved et af Sk\u00e5nes \u00e6ldste slotte","og_description":"[vc_row][vc_column][vc_single_image image=&#8221;75&#8243; img_size=&#8221;200*50&#8243; alignment=&#8221;center&#8221;][\/vc_column][\/vc_row][vc_row][vc_column][vc_empty_space height=&#8221;80px&#8221;][\/vc_column][\/vc_row][vc_row][vc_column width=&#8221;1\/2&#8243;][vc_column_text] Guidede ture Ellinge Slot er et af Sk\u00e5nes \u00e6ldste og har r\u00f8dder tilbage fra 1100-tallet. Ellinge har tidligere v\u00e6ret ejet af nogle af de m\u00e6gtigste danske adelsfamilier. Under vores guidede ture introducerer vi jer til Ellinges sp\u00e6ndende historie. Vi g\u00e5r ogs\u00e5 rundt i slottets forskellige rum og fort\u00e6ller om [...]L\u00e6s mere... from Visninger","og_url":"https:\/\/ellinge.se\/da\/visninger\/","og_site_name":"Ellinge Slott","article_modified_time":"2026-01-21T14:01:01+00:00","twitter_card":"summary_large_image","twitter_misc":{"Estimeret l\u00e6setid":"2 minutter"},"schema":{"@context":"https:\/\/schema.org","@graph":[{"@type":"WebPage","@id":"https:\/\/ellinge.se\/da\/visninger\/","url":"https:\/\/ellinge.se\/da\/visninger\/","name":"Guidede ture ved et af Sk\u00e5nes \u00e6ldste slotte","isPartOf":{"@id":"https:\/\/ellinge.se\/#website"},"datePublished":"2023-11-10T14:27:45+00:00","dateModified":"2026-01-21T14:01:01+00:00","breadcrumb":{"@id":"https:\/\/ellinge.se\/da\/visninger\/#breadcrumb"},"inLanguage":"da-DK","potentialAction":[{"@type":"ReadAction","target":["https:\/\/ellinge.se\/da\/visninger\/"]}]},{"@type":"BreadcrumbList","@id":"https:\/\/ellinge.se\/da\/visninger\/#breadcrumb","itemListElement":[{"@type":"ListItem","position":1,"name":"Hem","item":"https:\/\/ellinge.se\/da\/"},{"@type":"ListItem","position":2,"name":"Visninger"}]},{"@type":"WebSite","@id":"https:\/\/ellinge.se\/#website","url":"https:\/\/ellinge.se\/","name":"Ellinge Slott","description":"","publisher":{"@id":"https:\/\/ellinge.se\/#organization"},"potentialAction":[{"@type":"SearchAction","target":{"@type":"EntryPoint","urlTemplate":"https:\/\/ellinge.se\/?s={search_term_string}"},"query-input":{"@type":"PropertyValueSpecification","valueRequired":true,"valueName":"search_term_string"}}],"inLanguage":"da-DK"},{"@type":"Organization","@id":"https:\/\/ellinge.se\/#organization","name":"Ellinge Slott","url":"https:\/\/ellinge.se\/","logo":{"@type":"ImageObject","inLanguage":"da-DK","@id":"https:\/\/ellinge.se\/#\/schema\/logo\/image\/","url":"https:\/\/ellinge.se\/wp-content\/uploads\/2020\/05\/logo_white.png","contentUrl":"https:\/\/ellinge.se\/wp-content\/uploads\/2020\/05\/logo_white.png","width":300,"height":69,"caption":"Ellinge Slott"},"image":{"@id":"https:\/\/ellinge.se\/#\/schema\/logo\/image\/"}}]}},"_links":{"self":[{"href":"https:\/\/ellinge.se\/da\/wp-json\/wp\/v2\/pages\/1213","targetHints":{"allow":["GET"]}}],"collection":[{"href":"https:\/\/ellinge.se\/da\/wp-json\/wp\/v2\/pages"}],"about":[{"href":"https:\/\/ellinge.se\/da\/wp-json\/wp\/v2\/types\/page"}],"author":[{"embeddable":true,"href":"https:\/\/ellinge.se\/da\/wp-json\/wp\/v2\/users\/2"}],"replies":[{"embeddable":true,"href":"https:\/\/ellinge.se\/da\/wp-json\/wp\/v2\/comments?post=1213"}],"version-history":[{"count":8,"href":"https:\/\/ellinge.se\/da\/wp-json\/wp\/v2\/pages\/1213\/revisions"}],"predecessor-version":[{"id":1935,"href":"https:\/\/ellinge.se\/da\/wp-json\/wp\/v2\/pages\/1213\/revisions\/1935"}],"wp:attachment":[{"href":"https:\/\/ellinge.se\/da\/wp-json\/wp\/v2\/media?parent=1213"}],"curies":[{"name":"wp","href":"https:\/\/api.w.org\/{rel}","templated":true}]}}