{"id":1202,"date":"2023-11-10T13:49:14","date_gmt":"2023-11-10T13:49:14","guid":{"rendered":"https:\/\/ellinge.se\/?page_id=1202"},"modified":"2023-11-16T07:50:16","modified_gmt":"2023-11-16T07:50:16","slug":"parti","status":"publish","type":"page","link":"https:\/\/ellinge.se\/da\/parti\/","title":{"rendered":"Parti"},"content":{"rendered":"<p>[vc_row][vc_column][vc_single_image image=&#8221;75&#8243; img_size=&#8221;200*50&#8243; alignment=&#8221;center&#8221;][\/vc_column][\/vc_row][vc_row][vc_column][vc_empty_space height=&#8221;80px&#8221;][\/vc_column][\/vc_row][vc_row][vc_column width=&#8221;1\/2&#8243;][vc_column_text]<\/p>\n<h2>Mindev\u00e6rdig fejring i vores bindingsv\u00e6rkstald<\/h2>\n<p>Middage ved fester for 50-150 personer serveres i den nyrenoverede smukke bindingsv\u00e6rkstald fra begyndelsen af 1700-tallet. Her har vi mulighed for at d\u00e6kke op b\u00e5de med E-d\u00e6kning og runde borde, alt efter jeres \u00f8nsker.<\/p>\n<p><strong>Priser 2024<\/strong><\/p>\n<p>Leje af bindingsv\u00e6rkstalden ved fest inkl. d\u00e6kning samt privilegiet at medbringe egen drikke: <strong>28.000 + 150 SEK\/g\u00e6s<\/strong>t (G\u00e6lder kun weekender oktober-april)<\/p>\n<p>P\u00e5 slottet er der 12 dobbeltv\u00e6relser, og vi arrangerer gerne overnatning i forbindelse med jeres fest! Morgenen efter serveres en dejlig morgenbuffet i slottets spisestue. Omkostninger til mad og serveringspersonale till\u00e6gges. Alt catering sker gennem vores samarbejdspartner <a href=\"http:\/\/www.gastrodining.se\/\">Gastrodining<\/a>.[\/vc_column_text][\/vc_column][vc_column width=&#8221;1\/2&#8243;][vc_single_image image=&#8221;312&#8243; img_size=&#8221;full&#8221;][\/vc_column][\/vc_row][vc_row][vc_column][vc_empty_space height=&#8221;50px&#8221;][\/vc_column][\/vc_row][vc_row][vc_column width=&#8221;1\/2&#8243;][vc_single_image image=&#8221;248&#8243; img_size=&#8221;full&#8221;][\/vc_column][vc_column width=&#8221;1\/2&#8243;][vc_column_text]<\/p>\n<h2>Middag i slottets smukke spisestue<\/h2>\n<p><em>Hvad er en middag p\u00e5 slottet? Helt, helt vidunderlig&#8230;<\/em><\/p>\n<p>I er naturligvis vores eneste selskab denne aften og r\u00e5der over spisestue, bibliotek og saloner. Begynd aftenen med en velkomstdrink i biblioteket og nyd derefter en dejlig middag i slottets spisestue, hvor vi arrangerer eksklusive middage for op til 24 personer med porcel\u00e6n fra Kongelig Dansk, krystalglas og s\u00f8lvt\u00f8j.<\/p>\n<p>Alt catering sker via vores samarbejdspartner\u00a0<a href=\"http:\/\/www.gastrodining.se\/\">Gastrodining<\/a>.[\/vc_column_text][\/vc_column][\/vc_row][vc_row][vc_column][vc_empty_space height=&#8221;50px&#8221;][\/vc_column][\/vc_row][vc_row][vc_column width=&#8221;1\/2&#8243;][vc_column_text]<\/p>\n<h2>Atmosf\u00e6risk middag i den middelalderlige k\u00e6lderhv\u00e6lving<\/h2>\n<p>K\u00e6ldersalen er slottets \u00e6ldst bevarede del, og der skabes en s\u00e6rlig stemning ved middage i de middelalderlige hv\u00e6lvinger fra det 15. \u00e5rhundrede. Begynd aftenen med en velkomstdrink oppe i biblioteket, og derefter serveres middagen i k\u00e6ldersalen, hvor vi kan d\u00e6kke op til 40 personer. Her t\u00e6nder vi op i en dejlig pejs i de m\u00f8rke vinterm\u00e5neder.<\/p>\n<p>Alt catering sker via vores samarbejdspartner <a href=\"http:\/\/www.gastrodining.se\/\" target=\"_blank\" rel=\"noopener\">Gastrodining<\/a>.[\/vc_column_text][\/vc_column][vc_column width=&#8221;1\/2&#8243;][vc_single_image image=&#8221;427&#8243; img_size=&#8221;full&#8221;][\/vc_column][\/vc_row][vc_row][vc_column][vc_empty_space height=&#8221;80px&#8221;][\/vc_column][\/vc_row][vc_row][vc_column width=&#8221;1\/6&#8243;][\/vc_column][vc_column width=&#8221;2\/3&#8243;][vc_column_text]<\/p>\n<h3 style=\"text-align: center;\">Bookingforesp\u00f8rgsel fest<\/h3>\n<p>[\/vc_column_text]\n<div class=\"wpcf7 no-js\" id=\"wpcf7-f1211-o1\" lang=\"sv-SE\" dir=\"ltr\" data-wpcf7-id=\"1211\">\n<div class=\"screen-reader-response\"><p role=\"status\" aria-live=\"polite\" aria-atomic=\"true\"><\/p> <ul><\/ul><\/div>\n<form action=\"\/da\/wp-json\/wp\/v2\/pages\/1202#wpcf7-f1211-o1\" method=\"post\" class=\"wpcf7-form init\" aria-label=\"Kontaktformul\u00e4r\" novalidate=\"novalidate\" data-status=\"init\">\n<fieldset class=\"hidden-fields-container\"><input type=\"hidden\" name=\"_wpcf7\" value=\"1211\" \/><input type=\"hidden\" name=\"_wpcf7_version\" value=\"6.1.5\" \/><input type=\"hidden\" name=\"_wpcf7_locale\" value=\"sv_SE\" \/><input type=\"hidden\" name=\"_wpcf7_unit_tag\" value=\"wpcf7-f1211-o1\" \/><input type=\"hidden\" name=\"_wpcf7_container_post\" value=\"0\" \/><input type=\"hidden\" name=\"_wpcf7_posted_data_hash\" value=\"\" \/><input type=\"hidden\" name=\"_wpcf7_recaptcha_response\" value=\"\" \/>\n<\/fieldset>\n<div class=\"ellinge_contact_left\">\n\t<p><label> Navn<br \/>\n<span class=\"wpcf7-form-control-wrap\" data-name=\"namn\"><input size=\"40\" maxlength=\"400\" class=\"wpcf7-form-control wpcf7-text wpcf7-validates-as-required\" aria-required=\"true\" aria-invalid=\"false\" value=\"\" type=\"text\" name=\"namn\" \/><\/span> <\/label>\n\t<\/p>\n\t<p><label> E-post<br \/>\n<span class=\"wpcf7-form-control-wrap\" data-name=\"epost\"><input size=\"40\" maxlength=\"400\" class=\"wpcf7-form-control wpcf7-email wpcf7-validates-as-required wpcf7-text wpcf7-validates-as-email\" aria-required=\"true\" aria-invalid=\"false\" value=\"\" type=\"email\" name=\"epost\" \/><\/span> <\/label>\n\t<\/p>\n\t<p><label> Telefon<br \/>\n<span class=\"wpcf7-form-control-wrap\" data-name=\"telefon\"><input size=\"40\" maxlength=\"400\" class=\"wpcf7-form-control wpcf7-text\" aria-invalid=\"false\" value=\"\" type=\"text\" name=\"telefon\" \/><\/span> <\/label>\n\t<\/p>\n\t<p><label> \u00d8nsket dato<br \/>\n<span class=\"wpcf7-form-control-wrap\" data-name=\"datum\"><input class=\"wpcf7-form-control wpcf7-date wpcf7-validates-as-date\" aria-invalid=\"false\" value=\"\" type=\"date\" name=\"datum\" \/><\/span> <\/label>\n\t<\/p>\n<\/div>\n<div class=\"ellinge_contact_right\">\n\t<p><label> Meddelelse<br \/>\n<span class=\"wpcf7-form-control-wrap\" data-name=\"meddelande\"><textarea cols=\"40\" rows=\"10\" maxlength=\"2000\" class=\"wpcf7-form-control wpcf7-textarea\" aria-invalid=\"false\" name=\"meddelande\"><\/textarea><\/span> <\/label>\n\t<\/p>\n\t<p><input class=\"wpcf7-form-control wpcf7-submit has-spinner\" type=\"submit\" value=\"Sende\" \/>\n\t<\/p>\n<\/div><div class=\"wpcf7-response-output\" aria-hidden=\"true\"><\/div>\n<\/form>\n<\/div>\n[\/vc_column][vc_column width=&#8221;1\/6&#8243;][\/vc_column][\/vc_row]<\/p>\n","protected":false},"excerpt":{"rendered":"<p>[vc_row][vc_column][vc_single_image image=&#8221;75&#8243; img_size=&#8221;200*50&#8243; alignment=&#8221;center&#8221;][\/vc_column][\/vc_row][vc_row][vc_column][vc_empty_space height=&#8221;80px&#8221;][\/vc_column][\/vc_row][vc_row][vc_column width=&#8221;1\/2&#8243;][vc_column_text] Mindev\u00e6rdig fejring i vores bindingsv\u00e6rkstald Middage ved fester for 50-150 personer serveres i den nyrenoverede smukke bindingsv\u00e6rkstald fra begyndelsen af 1700-tallet. Her har vi mulighed for at d\u00e6kke op b\u00e5de med E-d\u00e6kning og runde borde, alt efter jeres \u00f8nsker. Priser 2024 Leje af bindingsv\u00e6rkstalden ved fest inkl. d\u00e6kning samt [&#8230;]<\/p>\n<p><a class=\"btn btn-secondary understrap-read-more-link\" href=\"https:\/\/ellinge.se\/da\/parti\/\">L\u00e6s mere&#8230;<span class=\"screen-reader-text\"> from Parti<\/span><\/a><\/p>\n","protected":false},"author":2,"featured_media":0,"parent":0,"menu_order":0,"comment_status":"closed","ping_status":"closed","template":"","meta":{"footnotes":""},"class_list":["post-1202","page","type-page","status-publish","hentry"],"yoast_head":"<!-- This site is optimized with the Yoast SEO plugin v27.2 - https:\/\/yoast.com\/product\/yoast-seo-wordpress\/ -->\n<title>Exklusiv festlokale i rolige og smukke slottsomgivelser<\/title>\n<meta name=\"robots\" content=\"index, follow, max-snippet:-1, max-image-preview:large, max-video-preview:-1\" \/>\n<link rel=\"canonical\" href=\"https:\/\/ellinge.se\/da\/fest\/\" \/>\n<meta property=\"og:locale\" content=\"da_DK\" \/>\n<meta property=\"og:type\" content=\"article\" \/>\n<meta property=\"og:title\" content=\"Exklusiv festlokale i rolige og smukke slottsomgivelser\" \/>\n<meta property=\"og:description\" content=\"[vc_row][vc_column][vc_single_image image=&#8221;75&#8243; img_size=&#8221;200*50&#8243; alignment=&#8221;center&#8221;][\/vc_column][\/vc_row][vc_row][vc_column][vc_empty_space height=&#8221;80px&#8221;][\/vc_column][\/vc_row][vc_row][vc_column width=&#8221;1\/2&#8243;][vc_column_text] Mindev\u00e6rdig fejring i vores bindingsv\u00e6rkstald Middage ved fester for 50-150 personer serveres i den nyrenoverede smukke bindingsv\u00e6rkstald fra begyndelsen af 1700-tallet. Her har vi mulighed for at d\u00e6kke op b\u00e5de med E-d\u00e6kning og runde borde, alt efter jeres \u00f8nsker. Priser 2024 Leje af bindingsv\u00e6rkstalden ved fest inkl. d\u00e6kning samt [...]L\u00e6s mere... from Parti\" \/>\n<meta property=\"og:url\" content=\"https:\/\/ellinge.se\/fest\/\" \/>\n<meta property=\"og:site_name\" content=\"Ellinge Slott\" \/>\n<meta property=\"article:modified_time\" content=\"2023-11-16T07:50:16+00:00\" \/>\n<meta name=\"twitter:card\" content=\"summary_large_image\" \/>\n<meta name=\"twitter:label1\" content=\"Estimeret l\u00e6setid\" \/>\n\t<meta name=\"twitter:data1\" content=\"2 minutter\" \/>\n<script type=\"application\/ld+json\" class=\"yoast-schema-graph\">{\"@context\":\"https:\/\/schema.org\",\"@graph\":[{\"@type\":\"WebPage\",\"@id\":\"https:\/\/ellinge.se\/fest\/\",\"url\":\"https:\/\/ellinge.se\/fest\/\",\"name\":\"Exklusiv festlokale i rolige og smukke slottsomgivelser\",\"isPartOf\":{\"@id\":\"https:\/\/ellinge.se\/#website\"},\"datePublished\":\"2023-11-10T13:49:14+00:00\",\"dateModified\":\"2023-11-16T07:50:16+00:00\",\"breadcrumb\":{\"@id\":\"https:\/\/ellinge.se\/fest\/#breadcrumb\"},\"inLanguage\":\"da-DK\",\"potentialAction\":[{\"@type\":\"ReadAction\",\"target\":[\"https:\/\/ellinge.se\/fest\/\"]}]},{\"@type\":\"BreadcrumbList\",\"@id\":\"https:\/\/ellinge.se\/fest\/#breadcrumb\",\"itemListElement\":[{\"@type\":\"ListItem\",\"position\":1,\"name\":\"Hem\",\"item\":\"https:\/\/ellinge.se\/da\/\"},{\"@type\":\"ListItem\",\"position\":2,\"name\":\"Parti\"}]},{\"@type\":\"WebSite\",\"@id\":\"https:\/\/ellinge.se\/#website\",\"url\":\"https:\/\/ellinge.se\/\",\"name\":\"Ellinge Slott\",\"description\":\"\",\"publisher\":{\"@id\":\"https:\/\/ellinge.se\/#organization\"},\"potentialAction\":[{\"@type\":\"SearchAction\",\"target\":{\"@type\":\"EntryPoint\",\"urlTemplate\":\"https:\/\/ellinge.se\/?s={search_term_string}\"},\"query-input\":{\"@type\":\"PropertyValueSpecification\",\"valueRequired\":true,\"valueName\":\"search_term_string\"}}],\"inLanguage\":\"da-DK\"},{\"@type\":\"Organization\",\"@id\":\"https:\/\/ellinge.se\/#organization\",\"name\":\"Ellinge Slott\",\"url\":\"https:\/\/ellinge.se\/\",\"logo\":{\"@type\":\"ImageObject\",\"inLanguage\":\"da-DK\",\"@id\":\"https:\/\/ellinge.se\/#\/schema\/logo\/image\/\",\"url\":\"https:\/\/ellinge.se\/wp-content\/uploads\/2020\/05\/logo_white.png\",\"contentUrl\":\"https:\/\/ellinge.se\/wp-content\/uploads\/2020\/05\/logo_white.png\",\"width\":300,\"height\":69,\"caption\":\"Ellinge Slott\"},\"image\":{\"@id\":\"https:\/\/ellinge.se\/#\/schema\/logo\/image\/\"}}]}<\/script>\n<!-- \/ Yoast SEO plugin. -->","yoast_head_json":{"title":"Exklusiv festlokale i rolige og smukke slottsomgivelser","robots":{"index":"index","follow":"follow","max-snippet":"max-snippet:-1","max-image-preview":"max-image-preview:large","max-video-preview":"max-video-preview:-1"},"canonical":"https:\/\/ellinge.se\/da\/fest\/","og_locale":"da_DK","og_type":"article","og_title":"Exklusiv festlokale i rolige og smukke slottsomgivelser","og_description":"[vc_row][vc_column][vc_single_image image=&#8221;75&#8243; img_size=&#8221;200*50&#8243; alignment=&#8221;center&#8221;][\/vc_column][\/vc_row][vc_row][vc_column][vc_empty_space height=&#8221;80px&#8221;][\/vc_column][\/vc_row][vc_row][vc_column width=&#8221;1\/2&#8243;][vc_column_text] Mindev\u00e6rdig fejring i vores bindingsv\u00e6rkstald Middage ved fester for 50-150 personer serveres i den nyrenoverede smukke bindingsv\u00e6rkstald fra begyndelsen af 1700-tallet. Her har vi mulighed for at d\u00e6kke op b\u00e5de med E-d\u00e6kning og runde borde, alt efter jeres \u00f8nsker. Priser 2024 Leje af bindingsv\u00e6rkstalden ved fest inkl. d\u00e6kning samt [...]L\u00e6s mere... from Parti","og_url":"https:\/\/ellinge.se\/fest\/","og_site_name":"Ellinge Slott","article_modified_time":"2023-11-16T07:50:16+00:00","twitter_card":"summary_large_image","twitter_misc":{"Estimeret l\u00e6setid":"2 minutter"},"schema":{"@context":"https:\/\/schema.org","@graph":[{"@type":"WebPage","@id":"https:\/\/ellinge.se\/fest\/","url":"https:\/\/ellinge.se\/fest\/","name":"Exklusiv festlokale i rolige og smukke slottsomgivelser","isPartOf":{"@id":"https:\/\/ellinge.se\/#website"},"datePublished":"2023-11-10T13:49:14+00:00","dateModified":"2023-11-16T07:50:16+00:00","breadcrumb":{"@id":"https:\/\/ellinge.se\/fest\/#breadcrumb"},"inLanguage":"da-DK","potentialAction":[{"@type":"ReadAction","target":["https:\/\/ellinge.se\/fest\/"]}]},{"@type":"BreadcrumbList","@id":"https:\/\/ellinge.se\/fest\/#breadcrumb","itemListElement":[{"@type":"ListItem","position":1,"name":"Hem","item":"https:\/\/ellinge.se\/da\/"},{"@type":"ListItem","position":2,"name":"Parti"}]},{"@type":"WebSite","@id":"https:\/\/ellinge.se\/#website","url":"https:\/\/ellinge.se\/","name":"Ellinge Slott","description":"","publisher":{"@id":"https:\/\/ellinge.se\/#organization"},"potentialAction":[{"@type":"SearchAction","target":{"@type":"EntryPoint","urlTemplate":"https:\/\/ellinge.se\/?s={search_term_string}"},"query-input":{"@type":"PropertyValueSpecification","valueRequired":true,"valueName":"search_term_string"}}],"inLanguage":"da-DK"},{"@type":"Organization","@id":"https:\/\/ellinge.se\/#organization","name":"Ellinge Slott","url":"https:\/\/ellinge.se\/","logo":{"@type":"ImageObject","inLanguage":"da-DK","@id":"https:\/\/ellinge.se\/#\/schema\/logo\/image\/","url":"https:\/\/ellinge.se\/wp-content\/uploads\/2020\/05\/logo_white.png","contentUrl":"https:\/\/ellinge.se\/wp-content\/uploads\/2020\/05\/logo_white.png","width":300,"height":69,"caption":"Ellinge Slott"},"image":{"@id":"https:\/\/ellinge.se\/#\/schema\/logo\/image\/"}}]}},"_links":{"self":[{"href":"https:\/\/ellinge.se\/da\/wp-json\/wp\/v2\/pages\/1202","targetHints":{"allow":["GET"]}}],"collection":[{"href":"https:\/\/ellinge.se\/da\/wp-json\/wp\/v2\/pages"}],"about":[{"href":"https:\/\/ellinge.se\/da\/wp-json\/wp\/v2\/types\/page"}],"author":[{"embeddable":true,"href":"https:\/\/ellinge.se\/da\/wp-json\/wp\/v2\/users\/2"}],"replies":[{"embeddable":true,"href":"https:\/\/ellinge.se\/da\/wp-json\/wp\/v2\/comments?post=1202"}],"version-history":[{"count":3,"href":"https:\/\/ellinge.se\/da\/wp-json\/wp\/v2\/pages\/1202\/revisions"}],"predecessor-version":[{"id":1323,"href":"https:\/\/ellinge.se\/da\/wp-json\/wp\/v2\/pages\/1202\/revisions\/1323"}],"wp:attachment":[{"href":"https:\/\/ellinge.se\/da\/wp-json\/wp\/v2\/media?parent=1202"}],"curies":[{"name":"wp","href":"https:\/\/api.w.org\/{rel}","templated":true}]}}