{"id":1099,"date":"2023-11-10T09:04:13","date_gmt":"2023-11-10T09:04:13","guid":{"rendered":"https:\/\/ellinge.se\/?page_id=1099"},"modified":"2025-12-10T16:53:44","modified_gmt":"2025-12-10T16:53:44","slug":"broellop","status":"publish","type":"page","link":"https:\/\/ellinge.se\/da\/broellop\/","title":{"rendered":"Broellop p\u00e5 Ellinge Slot"},"content":{"rendered":"<p>[vc_row][vc_column][vc_single_image image=&#8221;75&#8243; img_size=&#8221;200*50&#8243; alignment=&#8221;center&#8221;][\/vc_column][\/vc_row][vc_row][vc_column][vc_empty_space height=&#8221;80px&#8221;][\/vc_column][\/vc_row][vc_row][vc_column width=&#8221;1\/2&#8243;][vc_single_image image=&#8221;338&#8243; img_size=&#8221;full&#8221; css=&#8221;.vc_custom_1606388352938{margin-bottom: 10px !important;}&#8221;][\/vc_column][vc_column width=&#8221;1\/2&#8243;][vc_column_text]<\/p>\n<h2 style=\"text-align: left;\">Oplev f\u00f8lelsen af at have en hel slot for jer selv<\/h2>\n<p>P\u00e5 Ellinge arrangerer vi bryllupper for b\u00e5de sm\u00e5 og store selskaber i en famili\u00e6r atmosf\u00e6re. Vi l\u00e6gger altid personligt engagement i det, hvor selv de sm\u00e5, men utroligt vigtige detaljer t\u00e6ller. P\u00e5 slottet er der 12 overnatningsv\u00e6relser til de n\u00e6rmeste g\u00e6ster, og mange brudepar v\u00e6lger at blive fra fredag til l\u00f8rdag for at forl\u00e6nge deres bryllupsweekend.<\/p>\n<p>Vi hj\u00e6lper jer gerne med at arrangere en uforglemmelig vielse i slotsparken eller hvorfor ikke lade jer vie i slottets k\u00e6ldersal med r\u00f8dder fra 1400-tallet! I n\u00e6rheden af Ellinge findes flere smukke kirker, s\u00e5som V\u00e4stra Sallerups kirke og Borlunda kirke.<\/p>\n<p>Nyd champagne til receptionen inde i slottet eller ude i slottets park. I den smukke bindingsv\u00e6rksstald fra 1732 d\u00e6kker vi op til bryllupsmiddagen, hvor festen forts\u00e6tter indtil de sm\u00e5 timer, inden I og jeres g\u00e6ster finder ro i slottets sovev\u00e6relser. P\u00e5 s\u00f8ndag serverer vi morgenbuffet i slottets spisestue, og I f\u00e5r mulighed for at genfort\u00e6lle historierne fra dagen f\u00f8r sammen med jeres venner, inden det er tid at tage hjem igen.<\/p>\n<p>[\/vc_column_text][\/vc_column][\/vc_row][vc_row][vc_column][vc_empty_space height=&#8221;50px&#8221;][\/vc_column][\/vc_row][vc_row][vc_column width=&#8221;1\/2&#8243;][vc_column_text]<\/p>\n<h2>Bryllupskoncept<\/h2>\n<p><span style=\"font-size: 13.0pt; color: #212529;\">P\u00e5 Ellinge tager vi kun et bryllupsselskab ad gangen, og I har hele slottet for jer selv &#8211; uanset hvorn\u00e5r I gifter jer! Med andre ord risikerer I ikke at st\u00f8de p\u00e5 andre brudepar i l\u00f8bet af jeres bryllupsweekend og kan bruge alle slottets omr\u00e5der til jer og jeres g\u00e6ster. Vores bryllupspakker er opdelt mellem h\u00f8js\u00e6son, lavs\u00e6son og onsdagsbryllup.<\/span>[\/vc_column_text][\/vc_column][vc_column width=&#8221;1\/2&#8243;][vc_single_image image=&#8221;300&#8243; img_size=&#8221;full&#8221;][vc_btn title=&#8221;MER INFO&#8221; style=&#8221;custom&#8221; custom_background=&#8221;#cc9900&#8243; custom_text=&#8221;#ffffff&#8221; shape=&#8221;square&#8221; link=&#8221;url:https%3A%2F%2Fellinge.se%2Fda%2Fbroellop%2Fbryllup-2025%2F|title:Koncept||&#8221;][\/vc_column][\/vc_row][vc_row][vc_column][vc_empty_space height=&#8221;80px&#8221;][\/vc_column][\/vc_row][vc_row][vc_column][vc_column_text]<\/p>\n<h3 style=\"text-align: center;\">Tak til vores smukke brudepar og fotografer!<\/h3>\n<p style=\"text-align: center;\">Vi vil gerne rette en stor tak til de brudepar og fantastisk dygtige fotografer, der har delt deres bryllupsbilleder med denne hjemmeside.<\/p>\n<p style=\"text-align: center;\">Johanna og Alexanders bryllup er fotograferet af <a href=\"https:\/\/www.kajsasfoto.se\/\" target=\"_blank\" rel=\"noopener\">Kajsas Foto<\/a>.<\/p>\n<p style=\"text-align: center;\">Maria og Aleksanders bryllup er fotograferet af <a href=\"https:\/\/www.turturduva.se\/\" target=\"_blank\" rel=\"noopener\">Turturduva<\/a>.<\/p>\n<p>[\/vc_column_text][\/vc_column][\/vc_row][vc_row][vc_column][vc_empty_space height=&#8221;80px&#8221;][\/vc_column][\/vc_row][vc_row][vc_column width=&#8221;1\/6&#8243;][\/vc_column][vc_column width=&#8221;2\/3&#8243;][vc_column_text]<\/p>\n<h3 style=\"text-align: center;\">Bryllupsforesp\u00f8rgsel<\/h3>\n<p>[\/vc_column_text]\n<div class=\"wpcf7 no-js\" id=\"wpcf7-f1131-o1\" lang=\"sv-SE\" dir=\"ltr\" data-wpcf7-id=\"1131\">\n<div class=\"screen-reader-response\"><p role=\"status\" aria-live=\"polite\" aria-atomic=\"true\"><\/p> <ul><\/ul><\/div>\n<form action=\"\/da\/wp-json\/wp\/v2\/pages\/1099#wpcf7-f1131-o1\" method=\"post\" class=\"wpcf7-form init\" aria-label=\"Kontaktformul\u00e4r\" novalidate=\"novalidate\" data-status=\"init\">\n<fieldset class=\"hidden-fields-container\"><input type=\"hidden\" name=\"_wpcf7\" value=\"1131\" \/><input type=\"hidden\" name=\"_wpcf7_version\" value=\"6.1.5\" \/><input type=\"hidden\" name=\"_wpcf7_locale\" value=\"sv_SE\" \/><input type=\"hidden\" name=\"_wpcf7_unit_tag\" value=\"wpcf7-f1131-o1\" \/><input type=\"hidden\" name=\"_wpcf7_container_post\" value=\"0\" \/><input type=\"hidden\" name=\"_wpcf7_posted_data_hash\" value=\"\" \/><input type=\"hidden\" name=\"_wpcf7_recaptcha_response\" value=\"\" \/>\n<\/fieldset>\n<div class=\"ellinge_contact_left\">\n\t<p><label> Navn<br \/>\n<span class=\"wpcf7-form-control-wrap\" data-name=\"namn\"><input size=\"40\" maxlength=\"400\" class=\"wpcf7-form-control wpcf7-text wpcf7-validates-as-required\" aria-required=\"true\" aria-invalid=\"false\" value=\"\" type=\"text\" name=\"namn\" \/><\/span> <\/label>\n\t<\/p>\n\t<p><label> E-post<br \/>\n<span class=\"wpcf7-form-control-wrap\" data-name=\"epost\"><input size=\"40\" maxlength=\"400\" class=\"wpcf7-form-control wpcf7-email wpcf7-validates-as-required wpcf7-text wpcf7-validates-as-email\" aria-required=\"true\" aria-invalid=\"false\" value=\"\" type=\"email\" name=\"epost\" \/><\/span> <\/label>\n\t<\/p>\n\t<p><label> Telefon<br \/>\n<span class=\"wpcf7-form-control-wrap\" data-name=\"telefon\"><input size=\"40\" maxlength=\"400\" class=\"wpcf7-form-control wpcf7-text\" aria-invalid=\"false\" value=\"\" type=\"text\" name=\"telefon\" \/><\/span> <\/label>\n\t<\/p>\n\t<p><label> \u00d8nsket bryllupsdato<br \/>\n<span class=\"wpcf7-form-control-wrap\" data-name=\"datum\"><input class=\"wpcf7-form-control wpcf7-date wpcf7-validates-as-date\" aria-invalid=\"false\" value=\"\" type=\"date\" name=\"datum\" \/><\/span> <\/label>\n\t<\/p>\n<\/div>\n<div class=\"ellinge_contact_right\">\n\t<p><label> Meddelelse<br \/>\n<span class=\"wpcf7-form-control-wrap\" data-name=\"meddelande\"><textarea cols=\"40\" rows=\"10\" maxlength=\"2000\" class=\"wpcf7-form-control wpcf7-textarea\" aria-invalid=\"false\" name=\"meddelande\"><\/textarea><\/span> <\/label>\n\t<\/p>\n\t<p><input class=\"wpcf7-form-control wpcf7-submit has-spinner\" type=\"submit\" value=\"Sende\" \/>\n\t<\/p>\n<\/div><div class=\"wpcf7-response-output\" aria-hidden=\"true\"><\/div>\n<\/form>\n<\/div>\n[\/vc_column][vc_column width=&#8221;1\/6&#8243;][\/vc_column][\/vc_row][vc_row full_width=&#8221;stretch_row_content_no_spaces&#8221; parallax=&#8221;content-moving&#8221; parallax_image=&#8221;118&#8243; css=&#8221;.vc_custom_1602162321381{padding-top: 300px !important;padding-bottom: 300px !important;}&#8221; el_class=&#8221;citat_overlay&#8221;][vc_column][vc_column_text]<div class=\"swiper-container quote_swiper brollop\"><div class=\"swiper-wrapper\"><div class=\"swiper-slide\"><div class=\"citat_inner\"><em>Nu f\u00f8les det, som om vi er kommet tilbage til virkeligheden igen, cirka en uge efter brylluppet. Vi har ogs\u00e5 haft tid til at ford\u00f8je alle indtrykkene fra bryllupsweekenden, og vi er meget tilfredse med, hvor godt alt forl\u00f8b. Hele dagen var fantastisk, og festen lige s\u00e5!<\/em><h3>Johan &#038; Anna, august 2023<\/h3><\/div><\/div><div class=\"swiper-slide\"><div class=\"citat_inner\"><em><em>Stort TAK! Alt blev perfekt! Magiskt! Alle g\u00e6ster var fuldt tilfredse. Vi har modtaget s\u00e5 mange positive tilbagemeldinger! Vi fors\u00f8ger at ford\u00f8je det hele, men det vil tage tid. Vi er s\u00e5 lykkelige og kunne ikke dr\u00f8mme om en bedre bryllupsdag! Stort tak til jer alle p\u00e5 Ellinge, som var med til at bidrage til at g\u00f8re vores store dag s\u00e5 fantastisk!!<\/em><\/em><h3>Fredrik &#038; Sophie, Juni 2019<\/h3><\/div><\/div><div class=\"swiper-slide\"><div class=\"citat_inner\"><em><em>Stort TAK for alt, og vores dr\u00f8m om at blive gift p\u00e5 Ellinge gik i opfyldelse!  Alle havde det sjovt og synes, det var s\u00e5 smukt!<\/em>\r\n\r\n<em>Stort tak igen for alt, og vi vil leve l\u00e6nge p\u00e5 dette \u2764\ufe0f<\/em><\/em><h3>Helena &#038; Joakim, august 2021<\/h3><\/div><\/div><div class=\"swiper-slide\"><div class=\"citat_inner\"><em><em>Vi vil gerne starte med at sige et Stort Tak for weekenden!! Vi er utroligt glade og meget tilfredse med Ellinge, morgenmaden, al hj\u00e6lpen og den fine behandling. Det kunne ikke v\u00e6re g\u00e5et bedre. S\u00e5 tusind tak for alt, og en ekstra tak til Josefine, som fik os til at f\u00f8le os meget rolige og klar. Du var utroligt vigtig i processen. S\u00e5, tusind tak!<\/em><\/em><h3>Jessica &#038; Viktor, august 2023<\/h3><\/div><\/div><div class=\"swiper-slide\"><div class=\"citat_inner\"><em><em>Stor tak for alt! Det blev en fantastisk dag med dejligt vejr, god mad og masser af venner! Det var helt rigtigt, at vi k\u00e6mpede for at holde festen og ikke bare gav op for to \u00e5r siden. Mange tak for et godt samarbejde i l\u00f8bet af disse snart 2,5 \u00e5r af kontakt og planl\u00e6gning! Vi h\u00e5ber, at I form\u00e5r at give flere brudepar lignende magiske fejringer i l\u00f8bet af \u00e5ret.<\/em><\/em><h3>Emil &#038; Nina, marts 2022<\/h3><\/div><\/div><\/div><div class=\"swiper-button-prev\"><\/div><div class=\"swiper-button-next\"><\/div><\/div>[\/vc_column_text][\/vc_column][\/vc_row][vc_row][vc_column][vc_empty_space height=&#8221;50px&#8221;][\/vc_column][\/vc_row]<\/p>\n","protected":false},"excerpt":{"rendered":"<p>[vc_row][vc_column][vc_single_image image=&#8221;75&#8243; img_size=&#8221;200*50&#8243; alignment=&#8221;center&#8221;][\/vc_column][\/vc_row][vc_row][vc_column][vc_empty_space height=&#8221;80px&#8221;][\/vc_column][\/vc_row][vc_row][vc_column width=&#8221;1\/2&#8243;][vc_single_image image=&#8221;338&#8243; img_size=&#8221;full&#8221; css=&#8221;.vc_custom_1606388352938{margin-bottom: 10px !important;}&#8221;][\/vc_column][vc_column width=&#8221;1\/2&#8243;][vc_column_text] Oplev f\u00f8lelsen af at have en hel slot for jer selv P\u00e5 Ellinge arrangerer vi bryllupper for b\u00e5de sm\u00e5 og store selskaber i en famili\u00e6r atmosf\u00e6re. Vi l\u00e6gger altid personligt engagement i det, hvor selv de sm\u00e5, men utroligt vigtige detaljer t\u00e6ller. P\u00e5 [&#8230;]<\/p>\n<p><a class=\"btn btn-secondary understrap-read-more-link\" href=\"https:\/\/ellinge.se\/da\/broellop\/\">L\u00e6s mere&#8230;<span class=\"screen-reader-text\"> from Broellop p\u00e5 Ellinge Slot<\/span><\/a><\/p>\n","protected":false},"author":2,"featured_media":0,"parent":0,"menu_order":0,"comment_status":"closed","ping_status":"closed","template":"","meta":{"footnotes":""},"class_list":["post-1099","page","type-page","status-publish","hentry"],"yoast_head":"<!-- This site is optimized with the Yoast SEO plugin v27.2 - https:\/\/yoast.com\/product\/yoast-seo-wordpress\/ -->\n<title>Broellop p\u00e5 Ellinge Slot | Ellinge Slott<\/title>\n<meta name=\"robots\" content=\"index, follow, max-snippet:-1, max-image-preview:large, max-video-preview:-1\" \/>\n<link rel=\"canonical\" href=\"https:\/\/ellinge.se\/da\/broellop\/\" \/>\n<meta property=\"og:locale\" content=\"da_DK\" \/>\n<meta property=\"og:type\" content=\"article\" \/>\n<meta property=\"og:title\" content=\"Broellop p\u00e5 Ellinge Slot | Ellinge Slott\" \/>\n<meta property=\"og:description\" content=\"[vc_row][vc_column][vc_single_image image=&#8221;75&#8243; img_size=&#8221;200*50&#8243; alignment=&#8221;center&#8221;][\/vc_column][\/vc_row][vc_row][vc_column][vc_empty_space height=&#8221;80px&#8221;][\/vc_column][\/vc_row][vc_row][vc_column width=&#8221;1\/2&#8243;][vc_single_image image=&#8221;338&#8243; img_size=&#8221;full&#8221; css=&#8221;.vc_custom_1606388352938{margin-bottom: 10px !important;}&#8221;][\/vc_column][vc_column width=&#8221;1\/2&#8243;][vc_column_text] Oplev f\u00f8lelsen af at have en hel slot for jer selv P\u00e5 Ellinge arrangerer vi bryllupper for b\u00e5de sm\u00e5 og store selskaber i en famili\u00e6r atmosf\u00e6re. Vi l\u00e6gger altid personligt engagement i det, hvor selv de sm\u00e5, men utroligt vigtige detaljer t\u00e6ller. P\u00e5 [...]L\u00e6s mere... from Broellop p\u00e5 Ellinge Slot\" \/>\n<meta property=\"og:url\" content=\"https:\/\/ellinge.se\/da\/broellop\/\" \/>\n<meta property=\"og:site_name\" content=\"Ellinge Slott\" \/>\n<meta property=\"article:modified_time\" content=\"2025-12-10T16:53:44+00:00\" \/>\n<meta name=\"twitter:card\" content=\"summary_large_image\" \/>\n<meta name=\"twitter:label1\" content=\"Estimeret l\u00e6setid\" \/>\n\t<meta name=\"twitter:data1\" content=\"2 minutter\" \/>\n<script type=\"application\/ld+json\" class=\"yoast-schema-graph\">{\"@context\":\"https:\/\/schema.org\",\"@graph\":[{\"@type\":\"WebPage\",\"@id\":\"https:\/\/ellinge.se\/da\/broellop\/\",\"url\":\"https:\/\/ellinge.se\/da\/broellop\/\",\"name\":\"Broellop p\u00e5 Ellinge Slot | Ellinge Slott\",\"isPartOf\":{\"@id\":\"https:\/\/ellinge.se\/#website\"},\"datePublished\":\"2023-11-10T09:04:13+00:00\",\"dateModified\":\"2025-12-10T16:53:44+00:00\",\"breadcrumb\":{\"@id\":\"https:\/\/ellinge.se\/da\/broellop\/#breadcrumb\"},\"inLanguage\":\"da-DK\",\"potentialAction\":[{\"@type\":\"ReadAction\",\"target\":[\"https:\/\/ellinge.se\/da\/broellop\/\"]}]},{\"@type\":\"BreadcrumbList\",\"@id\":\"https:\/\/ellinge.se\/da\/broellop\/#breadcrumb\",\"itemListElement\":[{\"@type\":\"ListItem\",\"position\":1,\"name\":\"Hem\",\"item\":\"https:\/\/ellinge.se\/da\/\"},{\"@type\":\"ListItem\",\"position\":2,\"name\":\"Broellop p\u00e5 Ellinge Slot\"}]},{\"@type\":\"WebSite\",\"@id\":\"https:\/\/ellinge.se\/#website\",\"url\":\"https:\/\/ellinge.se\/\",\"name\":\"Ellinge Slott\",\"description\":\"\",\"publisher\":{\"@id\":\"https:\/\/ellinge.se\/#organization\"},\"potentialAction\":[{\"@type\":\"SearchAction\",\"target\":{\"@type\":\"EntryPoint\",\"urlTemplate\":\"https:\/\/ellinge.se\/?s={search_term_string}\"},\"query-input\":{\"@type\":\"PropertyValueSpecification\",\"valueRequired\":true,\"valueName\":\"search_term_string\"}}],\"inLanguage\":\"da-DK\"},{\"@type\":\"Organization\",\"@id\":\"https:\/\/ellinge.se\/#organization\",\"name\":\"Ellinge Slott\",\"url\":\"https:\/\/ellinge.se\/\",\"logo\":{\"@type\":\"ImageObject\",\"inLanguage\":\"da-DK\",\"@id\":\"https:\/\/ellinge.se\/#\/schema\/logo\/image\/\",\"url\":\"https:\/\/ellinge.se\/wp-content\/uploads\/2020\/05\/logo_white.png\",\"contentUrl\":\"https:\/\/ellinge.se\/wp-content\/uploads\/2020\/05\/logo_white.png\",\"width\":300,\"height\":69,\"caption\":\"Ellinge Slott\"},\"image\":{\"@id\":\"https:\/\/ellinge.se\/#\/schema\/logo\/image\/\"}}]}<\/script>\n<!-- \/ Yoast SEO plugin. -->","yoast_head_json":{"title":"Broellop p\u00e5 Ellinge Slot | Ellinge Slott","robots":{"index":"index","follow":"follow","max-snippet":"max-snippet:-1","max-image-preview":"max-image-preview:large","max-video-preview":"max-video-preview:-1"},"canonical":"https:\/\/ellinge.se\/da\/broellop\/","og_locale":"da_DK","og_type":"article","og_title":"Broellop p\u00e5 Ellinge Slot | Ellinge Slott","og_description":"[vc_row][vc_column][vc_single_image image=&#8221;75&#8243; img_size=&#8221;200*50&#8243; alignment=&#8221;center&#8221;][\/vc_column][\/vc_row][vc_row][vc_column][vc_empty_space height=&#8221;80px&#8221;][\/vc_column][\/vc_row][vc_row][vc_column width=&#8221;1\/2&#8243;][vc_single_image image=&#8221;338&#8243; img_size=&#8221;full&#8221; css=&#8221;.vc_custom_1606388352938{margin-bottom: 10px !important;}&#8221;][\/vc_column][vc_column width=&#8221;1\/2&#8243;][vc_column_text] Oplev f\u00f8lelsen af at have en hel slot for jer selv P\u00e5 Ellinge arrangerer vi bryllupper for b\u00e5de sm\u00e5 og store selskaber i en famili\u00e6r atmosf\u00e6re. Vi l\u00e6gger altid personligt engagement i det, hvor selv de sm\u00e5, men utroligt vigtige detaljer t\u00e6ller. P\u00e5 [...]L\u00e6s mere... from Broellop p\u00e5 Ellinge Slot","og_url":"https:\/\/ellinge.se\/da\/broellop\/","og_site_name":"Ellinge Slott","article_modified_time":"2025-12-10T16:53:44+00:00","twitter_card":"summary_large_image","twitter_misc":{"Estimeret l\u00e6setid":"2 minutter"},"schema":{"@context":"https:\/\/schema.org","@graph":[{"@type":"WebPage","@id":"https:\/\/ellinge.se\/da\/broellop\/","url":"https:\/\/ellinge.se\/da\/broellop\/","name":"Broellop p\u00e5 Ellinge Slot | Ellinge Slott","isPartOf":{"@id":"https:\/\/ellinge.se\/#website"},"datePublished":"2023-11-10T09:04:13+00:00","dateModified":"2025-12-10T16:53:44+00:00","breadcrumb":{"@id":"https:\/\/ellinge.se\/da\/broellop\/#breadcrumb"},"inLanguage":"da-DK","potentialAction":[{"@type":"ReadAction","target":["https:\/\/ellinge.se\/da\/broellop\/"]}]},{"@type":"BreadcrumbList","@id":"https:\/\/ellinge.se\/da\/broellop\/#breadcrumb","itemListElement":[{"@type":"ListItem","position":1,"name":"Hem","item":"https:\/\/ellinge.se\/da\/"},{"@type":"ListItem","position":2,"name":"Broellop p\u00e5 Ellinge Slot"}]},{"@type":"WebSite","@id":"https:\/\/ellinge.se\/#website","url":"https:\/\/ellinge.se\/","name":"Ellinge Slott","description":"","publisher":{"@id":"https:\/\/ellinge.se\/#organization"},"potentialAction":[{"@type":"SearchAction","target":{"@type":"EntryPoint","urlTemplate":"https:\/\/ellinge.se\/?s={search_term_string}"},"query-input":{"@type":"PropertyValueSpecification","valueRequired":true,"valueName":"search_term_string"}}],"inLanguage":"da-DK"},{"@type":"Organization","@id":"https:\/\/ellinge.se\/#organization","name":"Ellinge Slott","url":"https:\/\/ellinge.se\/","logo":{"@type":"ImageObject","inLanguage":"da-DK","@id":"https:\/\/ellinge.se\/#\/schema\/logo\/image\/","url":"https:\/\/ellinge.se\/wp-content\/uploads\/2020\/05\/logo_white.png","contentUrl":"https:\/\/ellinge.se\/wp-content\/uploads\/2020\/05\/logo_white.png","width":300,"height":69,"caption":"Ellinge Slott"},"image":{"@id":"https:\/\/ellinge.se\/#\/schema\/logo\/image\/"}}]}},"_links":{"self":[{"href":"https:\/\/ellinge.se\/da\/wp-json\/wp\/v2\/pages\/1099","targetHints":{"allow":["GET"]}}],"collection":[{"href":"https:\/\/ellinge.se\/da\/wp-json\/wp\/v2\/pages"}],"about":[{"href":"https:\/\/ellinge.se\/da\/wp-json\/wp\/v2\/types\/page"}],"author":[{"embeddable":true,"href":"https:\/\/ellinge.se\/da\/wp-json\/wp\/v2\/users\/2"}],"replies":[{"embeddable":true,"href":"https:\/\/ellinge.se\/da\/wp-json\/wp\/v2\/comments?post=1099"}],"version-history":[{"count":12,"href":"https:\/\/ellinge.se\/da\/wp-json\/wp\/v2\/pages\/1099\/revisions"}],"predecessor-version":[{"id":1925,"href":"https:\/\/ellinge.se\/da\/wp-json\/wp\/v2\/pages\/1099\/revisions\/1925"}],"wp:attachment":[{"href":"https:\/\/ellinge.se\/da\/wp-json\/wp\/v2\/media?parent=1099"}],"curies":[{"name":"wp","href":"https:\/\/api.w.org\/{rel}","templated":true}]}}