{"id":1074,"date":"2023-11-10T08:07:31","date_gmt":"2023-11-10T08:07:31","guid":{"rendered":"https:\/\/ellinge.se\/?page_id=1074"},"modified":"2025-02-25T08:26:08","modified_gmt":"2025-02-25T08:26:08","slug":"forside","status":"publish","type":"page","link":"https:\/\/ellinge.se\/da\/","title":{"rendered":"Forside"},"content":{"rendered":"<p>[vc_row][vc_column][vc_empty_space height=&#8221;60px&#8221;][\/vc_column][\/vc_row][vc_row][vc_column][vc_column_text]<\/p>\n<h1 style=\"text-align: center;\">Velkommen til Ellinge Slot!<\/h1>\n<p>[\/vc_column_text][\/vc_column][\/vc_row][vc_row][vc_column][vc_single_image image=&#8221;75&#8243; alignment=&#8221;center&#8221;][\/vc_column][\/vc_row][vc_row][vc_column][vc_empty_space height=&#8221;40px&#8221;][\/vc_column][\/vc_row][vc_row][vc_column width=&#8221;1\/2&#8243;][vc_column_text]<\/p>\n<h2 style=\"text-align: left;\">Fork\u00e6l konferencen, bryllupsfesten eller h\u00f8jtideligheden p\u00e5 Ellinge Slot!<\/h2>\n<p>Ellinge er en af Sk\u00e5nes \u00e6ldste herreg\u00e5rde med r\u00f8dder fra 1100-tallet. Slottet ligger i hjertet af Sk\u00e5ne &#8211; kun 5 minutter fra Esl\u00f6v, 30 minutter fra Malm\u00f8 og 45 minutter fra K\u00f8benhavn. Inden for de hvidkalkede mure arrangerer vi konferencer, romantiske bryllupper, festlige sammenkomster og eksklusive middage efter individuelle \u00f8nsker. Slottet har 12 overnatningsv\u00e6relser med plads til 24 overnattende g\u00e6ster. Vores festlokale i det nyrenoverede bindingsv\u00e6rkstald fra 1732 kan rumme op til 150 siddepladser.<\/p>\n<p>Ellinge Slot har v\u00e6ret i mange kendte danske og svenske adelsfamiliers ejerskab siden 1200-tallet og har v\u00e6ret ejet af familien Wehtje siden 1950.<\/p>\n<p>Virksomheden Ellinge Jordbruks AB driver udover eventvirksomhed ogs\u00e5 planteavl, skovforvaltning samt udlejning af boliger og lokaler. Purity Destillery&#8217;s verdenskendte \u00f8kologiske vodka og gin produceres p\u00e5 Ellinge g\u00e5rden.[\/vc_column_text][\/vc_column][vc_column width=&#8221;1\/2&#8243;][vc_single_image image=&#8221;791&#8243; img_size=&#8221;large&#8221;][\/vc_column][\/vc_row][vc_row][vc_column][vc_empty_space height=&#8221;60px&#8221;][\/vc_column][\/vc_row]<\/p>\n","protected":false},"excerpt":{"rendered":"<p>[vc_row][vc_column][vc_empty_space height=&#8221;60px&#8221;][\/vc_column][\/vc_row][vc_row][vc_column][vc_column_text] Velkommen til Ellinge Slot! [\/vc_column_text][\/vc_column][\/vc_row][vc_row][vc_column][vc_single_image image=&#8221;75&#8243; alignment=&#8221;center&#8221;][\/vc_column][\/vc_row][vc_row][vc_column][vc_empty_space height=&#8221;40px&#8221;][\/vc_column][\/vc_row][vc_row][vc_column width=&#8221;1\/2&#8243;][vc_column_text] Fork\u00e6l konferencen, bryllupsfesten eller h\u00f8jtideligheden p\u00e5 Ellinge Slot! Ellinge er en af Sk\u00e5nes \u00e6ldste herreg\u00e5rde med r\u00f8dder fra 1100-tallet. Slottet ligger i hjertet af Sk\u00e5ne &#8211; kun 5 minutter fra Esl\u00f6v, 30 minutter fra Malm\u00f8 og 45 minutter fra K\u00f8benhavn. Inden for de hvidkalkede [&#8230;]<\/p>\n<p><a class=\"btn btn-secondary understrap-read-more-link\" href=\"https:\/\/ellinge.se\/da\/\">L\u00e6s mere&#8230;<span class=\"screen-reader-text\"> from Forside<\/span><\/a><\/p>\n","protected":false},"author":2,"featured_media":0,"parent":0,"menu_order":0,"comment_status":"closed","ping_status":"open","template":"","meta":{"footnotes":""},"class_list":["post-1074","page","type-page","status-publish","hentry"],"yoast_head":"<!-- This site is optimized with the Yoast SEO plugin v27.2 - https:\/\/yoast.com\/product\/yoast-seo-wordpress\/ -->\n<title>Ellinge Slott | Unikke oplevelser til bryllupper, fester og konferencer!<\/title>\n<meta name=\"description\" content=\"Velkommen til Ellinge Slot til bryllupper, fester og konferencer! Et unikt og natursk\u00f8nt milj\u00f8 midt i Sk\u00e5ne! Book jeres n\u00e6ste arrangement i dag!\" \/>\n<meta name=\"robots\" content=\"index, follow, max-snippet:-1, max-image-preview:large, max-video-preview:-1\" \/>\n<link rel=\"canonical\" href=\"https:\/\/ellinge.se\/da\/\" \/>\n<meta property=\"og:locale\" content=\"da_DK\" \/>\n<meta property=\"og:type\" content=\"article\" \/>\n<meta property=\"og:title\" content=\"Ellinge Slott | Unikke oplevelser til bryllupper, fester og konferencer!\" \/>\n<meta property=\"og:description\" content=\"Velkommen til Ellinge Slot til bryllupper, fester og konferencer! Et unikt og natursk\u00f8nt milj\u00f8 midt i Sk\u00e5ne! Book jeres n\u00e6ste arrangement i dag!\" \/>\n<meta property=\"og:url\" content=\"https:\/\/ellinge.se\/da\/\" \/>\n<meta property=\"og:site_name\" content=\"Ellinge Slott\" \/>\n<meta property=\"article:modified_time\" content=\"2025-02-25T08:26:08+00:00\" \/>\n<meta name=\"twitter:card\" content=\"summary_large_image\" \/>\n<meta name=\"twitter:label1\" content=\"Estimeret l\u00e6setid\" \/>\n\t<meta name=\"twitter:data1\" content=\"1 minut\" \/>\n<script type=\"application\/ld+json\" class=\"yoast-schema-graph\">{\"@context\":\"https:\/\/schema.org\",\"@graph\":[{\"@type\":\"WebPage\",\"@id\":\"https:\/\/ellinge.se\/da\/\",\"url\":\"https:\/\/ellinge.se\/da\/\",\"name\":\"Ellinge Slott | Unikke oplevelser til bryllupper, fester og konferencer!\",\"isPartOf\":{\"@id\":\"https:\/\/ellinge.se\/#website\"},\"datePublished\":\"2023-11-10T08:07:31+00:00\",\"dateModified\":\"2025-02-25T08:26:08+00:00\",\"description\":\"Velkommen til Ellinge Slot til bryllupper, fester og konferencer! Et unikt og natursk\u00f8nt milj\u00f8 midt i Sk\u00e5ne! Book jeres n\u00e6ste arrangement i dag!\",\"breadcrumb\":{\"@id\":\"https:\/\/ellinge.se\/da\/#breadcrumb\"},\"inLanguage\":\"da-DK\",\"potentialAction\":[{\"@type\":\"ReadAction\",\"target\":[\"https:\/\/ellinge.se\/da\/\"]}]},{\"@type\":\"BreadcrumbList\",\"@id\":\"https:\/\/ellinge.se\/da\/#breadcrumb\",\"itemListElement\":[{\"@type\":\"ListItem\",\"position\":1,\"name\":\"Hem\",\"item\":\"https:\/\/ellinge.se\/da\/\"},{\"@type\":\"ListItem\",\"position\":2,\"name\":\"Forside\"}]},{\"@type\":\"WebSite\",\"@id\":\"https:\/\/ellinge.se\/#website\",\"url\":\"https:\/\/ellinge.se\/\",\"name\":\"Ellinge Slott\",\"description\":\"\",\"publisher\":{\"@id\":\"https:\/\/ellinge.se\/#organization\"},\"potentialAction\":[{\"@type\":\"SearchAction\",\"target\":{\"@type\":\"EntryPoint\",\"urlTemplate\":\"https:\/\/ellinge.se\/?s={search_term_string}\"},\"query-input\":{\"@type\":\"PropertyValueSpecification\",\"valueRequired\":true,\"valueName\":\"search_term_string\"}}],\"inLanguage\":\"da-DK\"},{\"@type\":\"Organization\",\"@id\":\"https:\/\/ellinge.se\/#organization\",\"name\":\"Ellinge Slott\",\"url\":\"https:\/\/ellinge.se\/\",\"logo\":{\"@type\":\"ImageObject\",\"inLanguage\":\"da-DK\",\"@id\":\"https:\/\/ellinge.se\/#\/schema\/logo\/image\/\",\"url\":\"https:\/\/ellinge.se\/wp-content\/uploads\/2020\/05\/logo_white.png\",\"contentUrl\":\"https:\/\/ellinge.se\/wp-content\/uploads\/2020\/05\/logo_white.png\",\"width\":300,\"height\":69,\"caption\":\"Ellinge Slott\"},\"image\":{\"@id\":\"https:\/\/ellinge.se\/#\/schema\/logo\/image\/\"}}]}<\/script>\n<!-- \/ Yoast SEO plugin. -->","yoast_head_json":{"title":"Ellinge Slott | Unikke oplevelser til bryllupper, fester og konferencer!","description":"Velkommen til Ellinge Slot til bryllupper, fester og konferencer! Et unikt og natursk\u00f8nt milj\u00f8 midt i Sk\u00e5ne! Book jeres n\u00e6ste arrangement i dag!","robots":{"index":"index","follow":"follow","max-snippet":"max-snippet:-1","max-image-preview":"max-image-preview:large","max-video-preview":"max-video-preview:-1"},"canonical":"https:\/\/ellinge.se\/da\/","og_locale":"da_DK","og_type":"article","og_title":"Ellinge Slott | Unikke oplevelser til bryllupper, fester og konferencer!","og_description":"Velkommen til Ellinge Slot til bryllupper, fester og konferencer! Et unikt og natursk\u00f8nt milj\u00f8 midt i Sk\u00e5ne! Book jeres n\u00e6ste arrangement i dag!","og_url":"https:\/\/ellinge.se\/da\/","og_site_name":"Ellinge Slott","article_modified_time":"2025-02-25T08:26:08+00:00","twitter_card":"summary_large_image","twitter_misc":{"Estimeret l\u00e6setid":"1 minut"},"schema":{"@context":"https:\/\/schema.org","@graph":[{"@type":"WebPage","@id":"https:\/\/ellinge.se\/da\/","url":"https:\/\/ellinge.se\/da\/","name":"Ellinge Slott | Unikke oplevelser til bryllupper, fester og konferencer!","isPartOf":{"@id":"https:\/\/ellinge.se\/#website"},"datePublished":"2023-11-10T08:07:31+00:00","dateModified":"2025-02-25T08:26:08+00:00","description":"Velkommen til Ellinge Slot til bryllupper, fester og konferencer! Et unikt og natursk\u00f8nt milj\u00f8 midt i Sk\u00e5ne! Book jeres n\u00e6ste arrangement i dag!","breadcrumb":{"@id":"https:\/\/ellinge.se\/da\/#breadcrumb"},"inLanguage":"da-DK","potentialAction":[{"@type":"ReadAction","target":["https:\/\/ellinge.se\/da\/"]}]},{"@type":"BreadcrumbList","@id":"https:\/\/ellinge.se\/da\/#breadcrumb","itemListElement":[{"@type":"ListItem","position":1,"name":"Hem","item":"https:\/\/ellinge.se\/da\/"},{"@type":"ListItem","position":2,"name":"Forside"}]},{"@type":"WebSite","@id":"https:\/\/ellinge.se\/#website","url":"https:\/\/ellinge.se\/","name":"Ellinge Slott","description":"","publisher":{"@id":"https:\/\/ellinge.se\/#organization"},"potentialAction":[{"@type":"SearchAction","target":{"@type":"EntryPoint","urlTemplate":"https:\/\/ellinge.se\/?s={search_term_string}"},"query-input":{"@type":"PropertyValueSpecification","valueRequired":true,"valueName":"search_term_string"}}],"inLanguage":"da-DK"},{"@type":"Organization","@id":"https:\/\/ellinge.se\/#organization","name":"Ellinge Slott","url":"https:\/\/ellinge.se\/","logo":{"@type":"ImageObject","inLanguage":"da-DK","@id":"https:\/\/ellinge.se\/#\/schema\/logo\/image\/","url":"https:\/\/ellinge.se\/wp-content\/uploads\/2020\/05\/logo_white.png","contentUrl":"https:\/\/ellinge.se\/wp-content\/uploads\/2020\/05\/logo_white.png","width":300,"height":69,"caption":"Ellinge Slott"},"image":{"@id":"https:\/\/ellinge.se\/#\/schema\/logo\/image\/"}}]}},"_links":{"self":[{"href":"https:\/\/ellinge.se\/da\/wp-json\/wp\/v2\/pages\/1074","targetHints":{"allow":["GET"]}}],"collection":[{"href":"https:\/\/ellinge.se\/da\/wp-json\/wp\/v2\/pages"}],"about":[{"href":"https:\/\/ellinge.se\/da\/wp-json\/wp\/v2\/types\/page"}],"author":[{"embeddable":true,"href":"https:\/\/ellinge.se\/da\/wp-json\/wp\/v2\/users\/2"}],"replies":[{"embeddable":true,"href":"https:\/\/ellinge.se\/da\/wp-json\/wp\/v2\/comments?post=1074"}],"version-history":[{"count":9,"href":"https:\/\/ellinge.se\/da\/wp-json\/wp\/v2\/pages\/1074\/revisions"}],"predecessor-version":[{"id":1859,"href":"https:\/\/ellinge.se\/da\/wp-json\/wp\/v2\/pages\/1074\/revisions\/1859"}],"wp:attachment":[{"href":"https:\/\/ellinge.se\/da\/wp-json\/wp\/v2\/media?parent=1074"}],"curies":[{"name":"wp","href":"https:\/\/api.w.org\/{rel}","templated":true}]}}